{"id":922,"date":"2022-12-06T12:54:26","date_gmt":"2022-12-06T12:54:26","guid":{"rendered":"https:\/\/nobilhunting.com\/?post_type=product&#038;p=922"},"modified":"2025-11-04T08:18:09","modified_gmt":"2025-11-04T08:18:09","slug":"espresso-brown-leather-rifle-set","status":"publish","type":"product","link":"https:\/\/nobilhunting.com\/sv\/product\/espresso-brown-leather-rifle-set\/","title":{"rendered":"Gev\u00e4rsset i espressobrunt l\u00e4der - ryggs\u00e4ck och fodral | Highland Hide Series"},"content":{"rendered":"<h4 data-start=\"1447\" data-end=\"1500\">Classic Espresso Leather for Rugged Adventures<\/h4>\n<p data-start=\"1501\" data-end=\"1737\">The <strong data-start=\"1505\" data-end=\"1559\">Espresso Brown Leather Rifle Set \u2013 Backpack &amp; Case<\/strong> from our <strong data-start=\"1569\" data-end=\"1593\">Highland Hide Series<\/strong> offers a timeless look with reliable performance. This handcrafted set is designed for hunters and explorers who value both style and strength.<\/p>\n<h4 data-start=\"1739\" data-end=\"1788\">Rifle Case \u2013 Secure, Customizable, Durable<\/h4>\n<p data-start=\"1789\" data-end=\"2028\">This leather rifle case is available in four sizes: <strong data-start=\"1841\" data-end=\"1879\">110 cm, 120 cm, 125 cm, and 130 cm<\/strong>. Made from full-grain espresso brown leather, it features a <strong data-start=\"1940\" data-end=\"1975\">high-quality full-length zipper<\/strong> that\u2019s compatible with a padlock for added safety.<\/p>\n<p data-start=\"2030\" data-end=\"2049\">It also includes:<\/p>\n<ul data-start=\"2050\" data-end=\"2214\">\n<li data-start=\"2050\" data-end=\"2094\">\n<p data-start=\"2052\" data-end=\"2094\">A <strong data-start=\"2054\" data-end=\"2082\">zippered silencer pocket<\/strong> (L36\/7\/4)<\/p>\n<\/li>\n<li data-start=\"2095\" data-end=\"2143\">\n<p data-start=\"2097\" data-end=\"2143\">An <strong data-start=\"2100\" data-end=\"2130\">exterior ammunition pocket<\/strong> (L22\/15\/2)<\/p>\n<\/li>\n<li data-start=\"2144\" data-end=\"2214\">\n<p data-start=\"2146\" data-end=\"2214\">An <strong data-start=\"2149\" data-end=\"2184\">attached leather carrying strap<\/strong> for comfort and convenience<\/p>\n<\/li>\n<\/ul>\n<p data-start=\"2216\" data-end=\"2333\">The case\u2019s structure ensures maximum protection, while its refined color offers a professional and classic aesthetic.<\/p>\n<h4 data-start=\"2335\" data-end=\"2382\">Matching Leather Backpack \u2013 Made to Roam<\/h4>\n<p data-start=\"2383\" data-end=\"2565\">Accompanying the rifle case is a <strong data-start=\"2416\" data-end=\"2444\">natural leather backpack<\/strong>, matching in espresso brown and built to last. It includes <strong data-start=\"2504\" data-end=\"2531\">two large outer pockets<\/strong> 25\/18\/3 for storing essentials on the go.<\/p>\n<ul data-start=\"2567\" data-end=\"2627\">\n<li data-start=\"2567\" data-end=\"2597\">\n<p data-start=\"2569\" data-end=\"2597\"><strong data-start=\"2569\" data-end=\"2589\">Backpack height:<\/strong> 46 cm<\/p>\n<\/li>\n<li data-start=\"2598\" data-end=\"2627\">\n<p data-start=\"2600\" data-end=\"2627\"><strong data-start=\"2600\" data-end=\"2619\">Backpack width:<\/strong> 40 cm<\/p>\n<\/li>\n<\/ul>\n<p data-start=\"2629\" data-end=\"2790\">Whether you&#8217;re heading out for a hunt or a remote hike, this backpack combines utility with style, thanks to its rugged leather construction and covered buckles.<\/p>\n<h4 data-start=\"2792\" data-end=\"2829\">Personal Touches Make It Yours<\/h4>\n<p data-start=\"2830\" data-end=\"2994\">You can personalize this set to suit your preferences. From engraved initials to custom detailing, your <strong data-start=\"2934\" data-end=\"2970\">espresso brown leather rifle set<\/strong> will be uniquely yours.<\/p>\n<p data-start=\"2996\" data-end=\"3091\">Upgrade your hunting gear with this elegant, handcrafted set.<\/p>\n<p class=\"\" data-start=\"2070\" data-end=\"2148\"><span class=\"relative -mx-px my-[-0.2rem] rounded px-px py-[0.2rem] transition-colors duration-100 ease-in-out\">Pair this set with our matching\u00a0<a href=\"https:\/\/nobilhunting.com\/product-category\/cartridge\/\">cartridge belts<\/a>\u00a0for a cohesive and stylish hunting ensemble.<\/span><\/p>\n<p class=\"\" data-start=\"2150\" data-end=\"2172\"><strong data-start=\"2150\" data-end=\"2172\">Care Instructions:<\/strong><\/p>\n<p class=\"\" data-start=\"2174\" data-end=\"2292\"><span class=\"relative -mx-px my-[-0.2rem] rounded px-px py-[0.2rem] transition-colors duration-100 ease-in-out\">To maintain the leather\u2019s quality, regularly apply a leather conditioner and store in a cool, dry place.<\/span><\/p>\n","protected":false},"excerpt":{"rendered":"<p>Classic Espresso Leather for Rugged Adventures The Espresso Brown Leather Rifle Set \u2013 Backpack &amp; Case from our Highland Hide Series offers a timeless look with reliable performance. This handcrafted set is designed for hunters and explorers who value both style and strength. Rifle Case \u2013 Secure, Customizable, Durable This leather rifle case is available [&#8230;]\n","protected":false},"featured_media":923,"comment_status":"open","ping_status":"closed","template":"","meta":[],"product_brand":[],"product_cat":[21],"product_tag":[216,217,218,219,215,220,214,211,143,76,207,66,209],"class_list":{"0":"post-922","1":"product","2":"type-product","3":"status-publish","4":"has-post-thumbnail","6":"product_cat-rifle-case-backpack-set","7":"product_tag-110-cm","8":"product_tag-120-cm","9":"product_tag-125-cm","10":"product_tag-130-cm","11":"product_tag-backpack","12":"product_tag-customizable","13":"product_tag-espresso-brown","14":"product_tag-handmade","15":"product_tag-highland-hide-series","16":"product_tag-hunting-gear","17":"product_tag-leather","18":"product_tag-rifle-case","19":"product_tag-rifle-set","20":"pa_collection-highland-hide-series","22":"first","23":"instock","24":"taxable","25":"shipping-taxable","26":"purchasable","27":"product-type-variable"},"yoast_head":"<!-- This site is optimized with the Yoast SEO plugin v26.6 - https:\/\/yoast.com\/wordpress\/plugins\/seo\/ -->\n<title>Espresso Brown Leather Rifle Set \u2013 Backpack &amp; Case | Highland Hide Series - Nobil Hunting<\/title>\n<meta name=\"description\" content=\"Elegant and functional espresso brown leather rifle set with backpack and case. Includes ammo and silencer pockets. Available in 110\u2013130 cm.\" \/>\n<meta name=\"robots\" content=\"index, follow, max-snippet:-1, max-image-preview:large, max-video-preview:-1\" \/>\n<link rel=\"canonical\" href=\"https:\/\/nobilhunting.com\/sv\/product\/espresso-brown-leather-rifle-set\/\" \/>\n<meta property=\"og:locale\" content=\"sv_SE\" \/>\n<meta property=\"og:type\" content=\"article\" \/>\n<meta property=\"og:title\" content=\"Espresso Brown Leather Rifle Set \u2013 Backpack &amp; Case | Highland Hide Series - Nobil Hunting\" \/>\n<meta property=\"og:description\" content=\"Elegant and functional espresso brown leather rifle set with backpack and case. Includes ammo and silencer pockets. Available in 110\u2013130 cm.\" \/>\n<meta property=\"og:url\" content=\"https:\/\/nobilhunting.com\/sv\/product\/espresso-brown-leather-rifle-set\/\" \/>\n<meta property=\"og:site_name\" content=\"Nobil Hunting\" \/>\n<meta property=\"article:publisher\" content=\"https:\/\/www.facebook.com\/nobilhunting\" \/>\n<meta property=\"article:modified_time\" content=\"2025-11-04T08:18:09+00:00\" \/>\n<meta property=\"og:image\" content=\"https:\/\/nobilhunting.com\/wp-content\/uploads\/2022\/12\/WhatsApp-Image-2022-12-06-at-12.58.28-2.jpeg\" \/>\n\t<meta property=\"og:image:width\" content=\"1200\" \/>\n\t<meta property=\"og:image:height\" content=\"1600\" \/>\n\t<meta property=\"og:image:type\" content=\"image\/jpeg\" \/>\n<meta name=\"twitter:card\" content=\"summary_large_image\" \/>\n<meta name=\"twitter:label1\" content=\"Ber\u00e4knad l\u00e4stid\" \/>\n\t<meta name=\"twitter:data1\" content=\"2 minuter\" \/>\n<script type=\"application\/ld+json\" class=\"yoast-schema-graph\">{\"@context\":\"https:\/\/schema.org\",\"@graph\":[{\"@type\":\"WebPage\",\"@id\":\"https:\/\/nobilhunting.com\/product\/espresso-brown-leather-rifle-set\/\",\"url\":\"https:\/\/nobilhunting.com\/product\/espresso-brown-leather-rifle-set\/\",\"name\":\"Espresso Brown Leather Rifle Set \u2013 Backpack & Case | Highland Hide Series - Nobil Hunting\",\"isPartOf\":{\"@id\":\"https:\/\/nobilhunting.com\/#website\"},\"primaryImageOfPage\":{\"@id\":\"https:\/\/nobilhunting.com\/product\/espresso-brown-leather-rifle-set\/#primaryimage\"},\"image\":{\"@id\":\"https:\/\/nobilhunting.com\/product\/espresso-brown-leather-rifle-set\/#primaryimage\"},\"thumbnailUrl\":\"https:\/\/nobilhunting.com\/wp-content\/uploads\/2022\/12\/WhatsApp-Image-2022-12-06-at-12.58.28-2.jpeg\",\"datePublished\":\"2022-12-06T12:54:26+00:00\",\"dateModified\":\"2025-11-04T08:18:09+00:00\",\"description\":\"Elegant and functional espresso brown leather rifle set with backpack and case. Includes ammo and silencer pockets. Available in 110\u2013130 cm.\",\"breadcrumb\":{\"@id\":\"https:\/\/nobilhunting.com\/product\/espresso-brown-leather-rifle-set\/#breadcrumb\"},\"inLanguage\":\"sv-SE\",\"potentialAction\":[{\"@type\":\"ReadAction\",\"target\":[\"https:\/\/nobilhunting.com\/product\/espresso-brown-leather-rifle-set\/\"]}]},{\"@type\":\"ImageObject\",\"inLanguage\":\"sv-SE\",\"@id\":\"https:\/\/nobilhunting.com\/product\/espresso-brown-leather-rifle-set\/#primaryimage\",\"url\":\"https:\/\/nobilhunting.com\/wp-content\/uploads\/2022\/12\/WhatsApp-Image-2022-12-06-at-12.58.28-2.jpeg\",\"contentUrl\":\"https:\/\/nobilhunting.com\/wp-content\/uploads\/2022\/12\/WhatsApp-Image-2022-12-06-at-12.58.28-2.jpeg\",\"width\":1200,\"height\":1600,\"caption\":\"espresso brown leather rifle set with backpack\"},{\"@type\":\"BreadcrumbList\",\"@id\":\"https:\/\/nobilhunting.com\/product\/espresso-brown-leather-rifle-set\/#breadcrumb\",\"itemListElement\":[{\"@type\":\"ListItem\",\"position\":1,\"name\":\"Prima pagin\u0103\",\"item\":\"https:\/\/nobilhunting.com\/\"},{\"@type\":\"ListItem\",\"position\":2,\"name\":\"Shop\",\"item\":\"https:\/\/nobilhunting.com\/shop\/\"},{\"@type\":\"ListItem\",\"position\":3,\"name\":\"Espresso Brown Leather Rifle Set \u2013 Backpack &#038; Case | Highland Hide Series\"}]},{\"@type\":\"WebSite\",\"@id\":\"https:\/\/nobilhunting.com\/#website\",\"url\":\"https:\/\/nobilhunting.com\/\",\"name\":\"Nobil Hunting\",\"description\":\"Natural leather accessories\",\"publisher\":{\"@id\":\"https:\/\/nobilhunting.com\/#organization\"},\"potentialAction\":[{\"@type\":\"SearchAction\",\"target\":{\"@type\":\"EntryPoint\",\"urlTemplate\":\"https:\/\/nobilhunting.com\/?s={search_term_string}\"},\"query-input\":{\"@type\":\"PropertyValueSpecification\",\"valueRequired\":true,\"valueName\":\"search_term_string\"}}],\"inLanguage\":\"sv-SE\"},{\"@type\":\"Organization\",\"@id\":\"https:\/\/nobilhunting.com\/#organization\",\"name\":\"Nobil Hunting SRL\",\"url\":\"https:\/\/nobilhunting.com\/\",\"logo\":{\"@type\":\"ImageObject\",\"inLanguage\":\"sv-SE\",\"@id\":\"https:\/\/nobilhunting.com\/#\/schema\/logo\/image\/\",\"url\":\"https:\/\/nobilhunting.com\/wp-content\/uploads\/2022\/01\/nobil-hunting-logo-1.png\",\"contentUrl\":\"https:\/\/nobilhunting.com\/wp-content\/uploads\/2022\/01\/nobil-hunting-logo-1.png\",\"width\":264,\"height\":89,\"caption\":\"Nobil Hunting SRL\"},\"image\":{\"@id\":\"https:\/\/nobilhunting.com\/#\/schema\/logo\/image\/\"},\"sameAs\":[\"https:\/\/www.facebook.com\/nobilhunting\",\"https:\/\/www.instagram.com\/nobilhunting\/\"]}]}<\/script>\n<!-- \/ Yoast SEO plugin. -->","yoast_head_json":{"title":"Espresso Brown Leather Rifle Set \u2013 Backpack & Case | Highland Hide Series - Nobil Hunting","description":"Elegant and functional espresso brown leather rifle set with backpack and case. Includes ammo and silencer pockets. Available in 110\u2013130 cm.","robots":{"index":"index","follow":"follow","max-snippet":"max-snippet:-1","max-image-preview":"max-image-preview:large","max-video-preview":"max-video-preview:-1"},"canonical":"https:\/\/nobilhunting.com\/sv\/product\/espresso-brown-leather-rifle-set\/","og_locale":"sv_SE","og_type":"article","og_title":"Espresso Brown Leather Rifle Set \u2013 Backpack & Case | Highland Hide Series - Nobil Hunting","og_description":"Elegant and functional espresso brown leather rifle set with backpack and case. Includes ammo and silencer pockets. Available in 110\u2013130 cm.","og_url":"https:\/\/nobilhunting.com\/sv\/product\/espresso-brown-leather-rifle-set\/","og_site_name":"Nobil Hunting","article_publisher":"https:\/\/www.facebook.com\/nobilhunting","article_modified_time":"2025-11-04T08:18:09+00:00","og_image":[{"width":1200,"height":1600,"url":"https:\/\/nobilhunting.com\/wp-content\/uploads\/2022\/12\/WhatsApp-Image-2022-12-06-at-12.58.28-2.jpeg","type":"image\/jpeg"}],"twitter_card":"summary_large_image","twitter_misc":{"Ber\u00e4knad l\u00e4stid":"2 minuter"},"schema":{"@context":"https:\/\/schema.org","@graph":[{"@type":"WebPage","@id":"https:\/\/nobilhunting.com\/product\/espresso-brown-leather-rifle-set\/","url":"https:\/\/nobilhunting.com\/product\/espresso-brown-leather-rifle-set\/","name":"Espresso Brown Leather Rifle Set \u2013 Backpack & Case | Highland Hide Series - Nobil Hunting","isPartOf":{"@id":"https:\/\/nobilhunting.com\/#website"},"primaryImageOfPage":{"@id":"https:\/\/nobilhunting.com\/product\/espresso-brown-leather-rifle-set\/#primaryimage"},"image":{"@id":"https:\/\/nobilhunting.com\/product\/espresso-brown-leather-rifle-set\/#primaryimage"},"thumbnailUrl":"https:\/\/nobilhunting.com\/wp-content\/uploads\/2022\/12\/WhatsApp-Image-2022-12-06-at-12.58.28-2.jpeg","datePublished":"2022-12-06T12:54:26+00:00","dateModified":"2025-11-04T08:18:09+00:00","description":"Elegant and functional espresso brown leather rifle set with backpack and case. Includes ammo and silencer pockets. Available in 110\u2013130 cm.","breadcrumb":{"@id":"https:\/\/nobilhunting.com\/product\/espresso-brown-leather-rifle-set\/#breadcrumb"},"inLanguage":"sv-SE","potentialAction":[{"@type":"ReadAction","target":["https:\/\/nobilhunting.com\/product\/espresso-brown-leather-rifle-set\/"]}]},{"@type":"ImageObject","inLanguage":"sv-SE","@id":"https:\/\/nobilhunting.com\/product\/espresso-brown-leather-rifle-set\/#primaryimage","url":"https:\/\/nobilhunting.com\/wp-content\/uploads\/2022\/12\/WhatsApp-Image-2022-12-06-at-12.58.28-2.jpeg","contentUrl":"https:\/\/nobilhunting.com\/wp-content\/uploads\/2022\/12\/WhatsApp-Image-2022-12-06-at-12.58.28-2.jpeg","width":1200,"height":1600,"caption":"espresso brown leather rifle set with backpack"},{"@type":"BreadcrumbList","@id":"https:\/\/nobilhunting.com\/product\/espresso-brown-leather-rifle-set\/#breadcrumb","itemListElement":[{"@type":"ListItem","position":1,"name":"Prima pagin\u0103","item":"https:\/\/nobilhunting.com\/"},{"@type":"ListItem","position":2,"name":"Shop","item":"https:\/\/nobilhunting.com\/shop\/"},{"@type":"ListItem","position":3,"name":"Espresso Brown Leather Rifle Set \u2013 Backpack &#038; Case | Highland Hide Series"}]},{"@type":"WebSite","@id":"https:\/\/nobilhunting.com\/#website","url":"https:\/\/nobilhunting.com\/","name":"Nobil Jakt","description":"Accessoarer i naturl\u00e4der","publisher":{"@id":"https:\/\/nobilhunting.com\/#organization"},"potentialAction":[{"@type":"SearchAction","target":{"@type":"EntryPoint","urlTemplate":"https:\/\/nobilhunting.com\/?s={search_term_string}"},"query-input":{"@type":"PropertyValueSpecification","valueRequired":true,"valueName":"search_term_string"}}],"inLanguage":"sv-SE"},{"@type":"Organization","@id":"https:\/\/nobilhunting.com\/#organization","name":"Nobil Hunting SRL","url":"https:\/\/nobilhunting.com\/","logo":{"@type":"ImageObject","inLanguage":"sv-SE","@id":"https:\/\/nobilhunting.com\/#\/schema\/logo\/image\/","url":"https:\/\/nobilhunting.com\/wp-content\/uploads\/2022\/01\/nobil-hunting-logo-1.png","contentUrl":"https:\/\/nobilhunting.com\/wp-content\/uploads\/2022\/01\/nobil-hunting-logo-1.png","width":264,"height":89,"caption":"Nobil Hunting SRL"},"image":{"@id":"https:\/\/nobilhunting.com\/#\/schema\/logo\/image\/"},"sameAs":["https:\/\/www.facebook.com\/nobilhunting","https:\/\/www.instagram.com\/nobilhunting\/"]}]}},"_links":{"self":[{"href":"https:\/\/nobilhunting.com\/sv\/wp-json\/wp\/v2\/product\/922","targetHints":{"allow":["GET"]}}],"collection":[{"href":"https:\/\/nobilhunting.com\/sv\/wp-json\/wp\/v2\/product"}],"about":[{"href":"https:\/\/nobilhunting.com\/sv\/wp-json\/wp\/v2\/types\/product"}],"replies":[{"embeddable":true,"href":"https:\/\/nobilhunting.com\/sv\/wp-json\/wp\/v2\/comments?post=922"}],"wp:featuredmedia":[{"embeddable":true,"href":"https:\/\/nobilhunting.com\/sv\/wp-json\/wp\/v2\/media\/923"}],"wp:attachment":[{"href":"https:\/\/nobilhunting.com\/sv\/wp-json\/wp\/v2\/media?parent=922"}],"wp:term":[{"taxonomy":"product_brand","embeddable":true,"href":"https:\/\/nobilhunting.com\/sv\/wp-json\/wp\/v2\/product_brand?post=922"},{"taxonomy":"product_cat","embeddable":true,"href":"https:\/\/nobilhunting.com\/sv\/wp-json\/wp\/v2\/product_cat?post=922"},{"taxonomy":"product_tag","embeddable":true,"href":"https:\/\/nobilhunting.com\/sv\/wp-json\/wp\/v2\/product_tag?post=922"}],"curies":[{"name":"wp","href":"https:\/\/api.w.org\/{rel}","templated":true}]}}