{"id":173,"date":"2022-01-23T17:48:20","date_gmt":"2022-01-23T17:48:20","guid":{"rendered":"https:\/\/nobilhunting.com\/?page_id=173"},"modified":"2022-01-23T20:29:45","modified_gmt":"2022-01-23T20:29:45","slug":"about-us","status":"publish","type":"page","link":"https:\/\/nobilhunting.com\/pl\/about-us\/","title":{"rendered":"O nas"},"content":{"rendered":"<section class=\"section\" id=\"section_1623969319\">\n\t\t<div class=\"section-bg fill\" >\n\t\t\t\t\t\t\t\t\t\n\t\t\t\n\n\t\t<\/div>\n\n\t\t\n\n\t\t<div class=\"section-content relative\">\n\t\t\t\n\t<div id=\"gap-1254017347\" class=\"gap-element clearfix\" style=\"display:block; height:auto;\">\n\t\t\n<style>\n#gap-1254017347 {\n  padding-top: 30px;\n}\n<\/style>\n\t<\/div>\n\t\n<div class=\"row align-middle align-center\"  id=\"row-1410499324\">\n\n\t<div id=\"col-323180011\" class=\"col medium-12 small-12 large-6\"  >\n\t\t\t\t<div class=\"col-inner\"  >\n\t\t\t\n\t\t\t\n<div class=\"row\"  id=\"row-1605921761\">\n\n\t<div id=\"col-1150307397\" class=\"col medium-6 small-12 large-7\"  >\n\t\t\t\t<div class=\"col-inner\"  >\n\t\t\t\n\t\t\t\n\n  <div class=\"banner has-hover\" id=\"banner-1228827938\">\n          <div class=\"banner-inner fill\">\n        <div class=\"banner-bg fill\" >\n            <img loading=\"lazy\" decoding=\"async\" width=\"560\" height=\"756\" src=\"https:\/\/nobilhunting.com\/wp-content\/uploads\/2022\/01\/271568289_664465971375780_8357532730198334638_n.jpg\" class=\"bg attachment-large size-large\" alt=\"\" \/>                                    \n                    <\/div>\n\t\t\n        <div class=\"banner-layers container\">\n            <div class=\"fill banner-link\"><\/div>            \n        <\/div>\n      <\/div>\n\n            \n<style>\n#banner-1228827938 {\n  padding-top: 99.99%;\n  background-color: rgba(0, 0, 0, 0);\n}\n@media (min-width:550px) {\n  #banner-1228827938 {\n    padding-top: 150%;\n  }\n}\n@media (min-width:850px) {\n  #banner-1228827938 {\n    padding-top: 136%;\n  }\n}\n<\/style>\n  <\/div>\n\n\n\t\t<\/div>\n\t\t\t\t\t<\/div>\n\n\t\n\n\t<div id=\"col-588934144\" class=\"col medium-6 small-12 large-5\"  >\n\t\t\t\t<div class=\"col-inner\"  >\n\t\t\t\n\t\t\t\n\n  <div class=\"banner has-hover\" id=\"banner-766966247\">\n          <div class=\"banner-inner fill\">\n        <div class=\"banner-bg fill\" >\n            <img loading=\"lazy\" decoding=\"async\" width=\"512\" height=\"512\" src=\"https:\/\/nobilhunting.com\/wp-content\/uploads\/2022\/01\/cropped-Logo-nobil-hunting.jpg\" class=\"bg attachment-large size-large\" alt=\"\" \/>                                    \n                    <\/div>\n\t\t\n        <div class=\"banner-layers container\">\n            <div class=\"fill banner-link\"><\/div>            \n        <\/div>\n      <\/div>\n\n            \n<style>\n#banner-766966247 {\n  padding-top: 60%;\n  background-color: rgba(0, 0, 0, 0);\n}\n@media (min-width:550px) {\n  #banner-766966247 {\n    padding-top: 76%;\n  }\n}\n@media (min-width:850px) {\n  #banner-766966247 {\n    padding-top: 98%;\n  }\n}\n<\/style>\n  <\/div>\n\n\n\t\t<\/div>\n\t\t\t\t\t<\/div>\n\n\t\n<\/div>\n<div class=\"row align-right\"  id=\"row-582245327\">\n\n\t<div id=\"col-896436759\" class=\"col medium-7 small-12 large-7\"  >\n\t\t\t\t<div class=\"col-inner\"  >\n\t\t\t\n\t\t\t\n\n  <div class=\"banner has-hover\" id=\"banner-1657318086\">\n          <div class=\"banner-inner fill\">\n        <div class=\"banner-bg fill\" >\n            <img loading=\"lazy\" decoding=\"async\" width=\"768\" height=\"1024\" src=\"https:\/\/nobilhunting.com\/wp-content\/uploads\/2022\/01\/SAVE_20220103_152133-768x1024.jpg\" class=\"bg attachment-large size-large\" alt=\"\" \/>                                    \n                    <\/div>\n\t\t\n        <div class=\"banner-layers container\">\n            <div class=\"fill banner-link\"><\/div>            \n        <\/div>\n      <\/div>\n\n            \n<style>\n#banner-1657318086 {\n  padding-top: 60%;\n  background-color: rgba(0, 0, 0, 0);\n}\n@media (min-width:550px) {\n  #banner-1657318086 {\n    padding-top: 107%;\n  }\n}\n<\/style>\n  <\/div>\n\n\n\t\t<\/div>\n\t\t\t\t\n<style>\n#col-896436759 > .col-inner {\n  margin: 0 0px 0px 0px;\n}\n@media (min-width:550px) {\n  #col-896436759 > .col-inner {\n    margin: -290px 0px 0px 0px;\n  }\n}\n@media (min-width:850px) {\n  #col-896436759 > .col-inner {\n    margin: -165px 0px 0px 0px;\n  }\n}\n<\/style>\n\t<\/div>\n\n\t\n<\/div>\n\t\t<\/div>\n\t\t\t\t\t<\/div>\n\n\t\n\n\t<div id=\"col-2026530117\" class=\"col medium-12 small-12 large-6\"  >\n\t\t\t\t<div class=\"col-inner\"  >\n\t\t\t\n\t\t\t\n\t<div id=\"text-1077143254\" class=\"text\">\n\t\t\n<h2>O naszej firmie<\/h2>\n\t\t\n<style>\n#text-1077143254 {\n  font-size: 1.3rem;\n}\n<\/style>\n\t<\/div>\n\t\n\t<div id=\"text-617224800\" class=\"text\">\n\t\t\n<p>Jeste\u015bmy fabryk\u0105 produkuj\u0105c\u0105 akcesoria my\u015bliwskie ze sk\u00f3ry naturalnej. Przedmioty s\u0105 wykonywane r\u0119cznie z wielk\u0105 dba\u0142o\u015bci\u0105 o szczeg\u00f3\u0142y. R\u00f3\u017cnica wynika z do\u015bwiadczenia zdobytego przez ponad 10 lat dzia\u0142alno\u015bci. U\u017cywamy wy\u0142\u0105cznie najwy\u017cszej jako\u015bci surowc\u00f3w od sprawdzonych producent\u00f3w. Przywi\u0105zujemy du\u017c\u0105 wag\u0119 do szczeg\u00f3\u0142\u00f3w i skupiamy si\u0119 na potrzebach u\u017cytkownika podczas korzystania z naszych produkt\u00f3w w naturze. Mieli\u015bmy przyjemno\u015b\u0107 sprzedawa\u0107 nasze produkty w wi\u0119kszo\u015bci kraj\u00f3w Unii Europejskiej i nie tylko. Nasi najwi\u0119ksi klienci pochodz\u0105 z Niemiec, Austrii, Francji, W\u0119gier, S\u0142owenii itd... Tysi\u0105ce klient\u00f3w poleca nas ze wzgl\u0119du na profesjonalizm i powa\u017cny spos\u00f3b, w jaki zaanga\u017cowali\u015bmy si\u0119 w d\u0142ugoterminowe relacje z nimi. Zawsze lubimy dostosowywa\u0107 si\u0119 do wymaga\u0144 klient\u00f3w i szybko reagowa\u0107 na ich \u017cyczenia dotycz\u0105ce personalizacji. Z niecierpliwo\u015bci\u0105 czekamy na to, aby\u015b znalaz\u0142 si\u0119 w\u015br\u00f3d naszych klient\u00f3w i m\u00f3g\u0142 zacz\u0105\u0107 zadziwia\u0107 Ci\u0119 naszymi produktami!<\/p>\n\t\t\n<style>\n#text-617224800 {\n  text-align: center;\n}\n<\/style>\n\t<\/div>\n\t\n<a href=\"https:\/\/nobilhunting.com\/pl\/kontakt\/\" class=\"button secondary\" style=\"border-radius:5px;\">\n\t\t<span>Kontakt<\/span>\n\t<\/a>\n\n\t\t<\/div>\n\t\t\t\t\n<style>\n#col-2026530117 > .col-inner {\n  padding: 0px 0 0px 0px;\n}\n@media (min-width:550px) {\n  #col-2026530117 > .col-inner {\n    padding: 0px 10% 0px 0px;\n  }\n}\n@media (min-width:850px) {\n  #col-2026530117 > .col-inner {\n    padding: 0px 0px 0px 15%;\n  }\n}\n<\/style>\n\t<\/div>\n\n\t\n<\/div>\n\t\t<\/div>\n\n\t\t\n<style>\n#section_1623969319 {\n  padding-top: 30px;\n  padding-bottom: 30px;\n}\n<\/style>\n\t<\/section>","protected":false},"excerpt":{"rendered":"","protected":false},"author":1,"featured_media":0,"parent":0,"menu_order":0,"comment_status":"closed","ping_status":"closed","template":"","meta":{"footnotes":""},"class_list":["post-173","page","type-page","status-publish","hentry"],"yoast_head":"<!-- This site is optimized with the Yoast SEO plugin v26.6 - https:\/\/yoast.com\/wordpress\/plugins\/seo\/ -->\n<title>About us - Nobil Hunting<\/title>\n<meta name=\"robots\" content=\"index, follow, max-snippet:-1, max-image-preview:large, max-video-preview:-1\" \/>\n<link rel=\"canonical\" href=\"https:\/\/nobilhunting.com\/pl\/about-us\/\" \/>\n<meta property=\"og:locale\" content=\"pl_PL\" \/>\n<meta property=\"og:type\" content=\"article\" \/>\n<meta property=\"og:title\" content=\"About us - Nobil Hunting\" \/>\n<meta property=\"og:url\" content=\"https:\/\/nobilhunting.com\/pl\/about-us\/\" \/>\n<meta property=\"og:site_name\" content=\"Nobil Hunting\" \/>\n<meta property=\"article:publisher\" content=\"https:\/\/www.facebook.com\/nobilhunting\" \/>\n<meta property=\"article:modified_time\" content=\"2022-01-23T20:29:45+00:00\" \/>\n<meta name=\"twitter:card\" content=\"summary_large_image\" \/>\n<meta name=\"twitter:label1\" content=\"Szacowany czas czytania\" \/>\n\t<meta name=\"twitter:data1\" content=\"2 minuty\" \/>\n<script type=\"application\/ld+json\" class=\"yoast-schema-graph\">{\"@context\":\"https:\/\/schema.org\",\"@graph\":[{\"@type\":\"WebPage\",\"@id\":\"https:\/\/nobilhunting.com\/about-us\/\",\"url\":\"https:\/\/nobilhunting.com\/about-us\/\",\"name\":\"About us - Nobil Hunting\",\"isPartOf\":{\"@id\":\"https:\/\/nobilhunting.com\/#website\"},\"datePublished\":\"2022-01-23T17:48:20+00:00\",\"dateModified\":\"2022-01-23T20:29:45+00:00\",\"breadcrumb\":{\"@id\":\"https:\/\/nobilhunting.com\/about-us\/#breadcrumb\"},\"inLanguage\":\"pl-PL\",\"potentialAction\":[{\"@type\":\"ReadAction\",\"target\":[\"https:\/\/nobilhunting.com\/about-us\/\"]}]},{\"@type\":\"BreadcrumbList\",\"@id\":\"https:\/\/nobilhunting.com\/about-us\/#breadcrumb\",\"itemListElement\":[{\"@type\":\"ListItem\",\"position\":1,\"name\":\"Prima pagin\u0103\",\"item\":\"https:\/\/nobilhunting.com\/\"},{\"@type\":\"ListItem\",\"position\":2,\"name\":\"About us\"}]},{\"@type\":\"WebSite\",\"@id\":\"https:\/\/nobilhunting.com\/#website\",\"url\":\"https:\/\/nobilhunting.com\/\",\"name\":\"Nobil Hunting\",\"description\":\"Natural leather accessories\",\"publisher\":{\"@id\":\"https:\/\/nobilhunting.com\/#organization\"},\"potentialAction\":[{\"@type\":\"SearchAction\",\"target\":{\"@type\":\"EntryPoint\",\"urlTemplate\":\"https:\/\/nobilhunting.com\/?s={search_term_string}\"},\"query-input\":{\"@type\":\"PropertyValueSpecification\",\"valueRequired\":true,\"valueName\":\"search_term_string\"}}],\"inLanguage\":\"pl-PL\"},{\"@type\":\"Organization\",\"@id\":\"https:\/\/nobilhunting.com\/#organization\",\"name\":\"Nobil Hunting SRL\",\"url\":\"https:\/\/nobilhunting.com\/\",\"logo\":{\"@type\":\"ImageObject\",\"inLanguage\":\"pl-PL\",\"@id\":\"https:\/\/nobilhunting.com\/#\/schema\/logo\/image\/\",\"url\":\"https:\/\/nobilhunting.com\/wp-content\/uploads\/2022\/01\/nobil-hunting-logo-1.png\",\"contentUrl\":\"https:\/\/nobilhunting.com\/wp-content\/uploads\/2022\/01\/nobil-hunting-logo-1.png\",\"width\":264,\"height\":89,\"caption\":\"Nobil Hunting SRL\"},\"image\":{\"@id\":\"https:\/\/nobilhunting.com\/#\/schema\/logo\/image\/\"},\"sameAs\":[\"https:\/\/www.facebook.com\/nobilhunting\",\"https:\/\/www.instagram.com\/nobilhunting\/\"]}]}<\/script>\n<!-- \/ Yoast SEO plugin. -->","yoast_head_json":{"title":"O nas - Nobil Hunting","robots":{"index":"index","follow":"follow","max-snippet":"max-snippet:-1","max-image-preview":"max-image-preview:large","max-video-preview":"max-video-preview:-1"},"canonical":"https:\/\/nobilhunting.com\/pl\/about-us\/","og_locale":"pl_PL","og_type":"article","og_title":"About us - Nobil Hunting","og_url":"https:\/\/nobilhunting.com\/pl\/about-us\/","og_site_name":"Nobil Hunting","article_publisher":"https:\/\/www.facebook.com\/nobilhunting","article_modified_time":"2022-01-23T20:29:45+00:00","twitter_card":"summary_large_image","twitter_misc":{"Szacowany czas czytania":"2 minuty"},"schema":{"@context":"https:\/\/schema.org","@graph":[{"@type":"WebPage","@id":"https:\/\/nobilhunting.com\/about-us\/","url":"https:\/\/nobilhunting.com\/about-us\/","name":"O nas - Nobil Hunting","isPartOf":{"@id":"https:\/\/nobilhunting.com\/#website"},"datePublished":"2022-01-23T17:48:20+00:00","dateModified":"2022-01-23T20:29:45+00:00","breadcrumb":{"@id":"https:\/\/nobilhunting.com\/about-us\/#breadcrumb"},"inLanguage":"pl-PL","potentialAction":[{"@type":"ReadAction","target":["https:\/\/nobilhunting.com\/about-us\/"]}]},{"@type":"BreadcrumbList","@id":"https:\/\/nobilhunting.com\/about-us\/#breadcrumb","itemListElement":[{"@type":"ListItem","position":1,"name":"Prima pagin\u0103","item":"https:\/\/nobilhunting.com\/"},{"@type":"ListItem","position":2,"name":"About us"}]},{"@type":"WebSite","@id":"https:\/\/nobilhunting.com\/#website","url":"https:\/\/nobilhunting.com\/","name":"Nobil Hunting","description":"Akcesoria ze sk\u00f3ry naturalnej","publisher":{"@id":"https:\/\/nobilhunting.com\/#organization"},"potentialAction":[{"@type":"SearchAction","target":{"@type":"EntryPoint","urlTemplate":"https:\/\/nobilhunting.com\/?s={search_term_string}"},"query-input":{"@type":"PropertyValueSpecification","valueRequired":true,"valueName":"search_term_string"}}],"inLanguage":"pl-PL"},{"@type":"Organization","@id":"https:\/\/nobilhunting.com\/#organization","name":"Nobil Hunting SRL","url":"https:\/\/nobilhunting.com\/","logo":{"@type":"ImageObject","inLanguage":"pl-PL","@id":"https:\/\/nobilhunting.com\/#\/schema\/logo\/image\/","url":"https:\/\/nobilhunting.com\/wp-content\/uploads\/2022\/01\/nobil-hunting-logo-1.png","contentUrl":"https:\/\/nobilhunting.com\/wp-content\/uploads\/2022\/01\/nobil-hunting-logo-1.png","width":264,"height":89,"caption":"Nobil Hunting SRL"},"image":{"@id":"https:\/\/nobilhunting.com\/#\/schema\/logo\/image\/"},"sameAs":["https:\/\/www.facebook.com\/nobilhunting","https:\/\/www.instagram.com\/nobilhunting\/"]}]}},"_links":{"self":[{"href":"https:\/\/nobilhunting.com\/pl\/wp-json\/wp\/v2\/pages\/173","targetHints":{"allow":["GET"]}}],"collection":[{"href":"https:\/\/nobilhunting.com\/pl\/wp-json\/wp\/v2\/pages"}],"about":[{"href":"https:\/\/nobilhunting.com\/pl\/wp-json\/wp\/v2\/types\/page"}],"author":[{"embeddable":true,"href":"https:\/\/nobilhunting.com\/pl\/wp-json\/wp\/v2\/users\/1"}],"replies":[{"embeddable":true,"href":"https:\/\/nobilhunting.com\/pl\/wp-json\/wp\/v2\/comments?post=173"}],"version-history":[{"count":4,"href":"https:\/\/nobilhunting.com\/pl\/wp-json\/wp\/v2\/pages\/173\/revisions"}],"predecessor-version":[{"id":209,"href":"https:\/\/nobilhunting.com\/pl\/wp-json\/wp\/v2\/pages\/173\/revisions\/209"}],"wp:attachment":[{"href":"https:\/\/nobilhunting.com\/pl\/wp-json\/wp\/v2\/media?parent=173"}],"curies":[{"name":"wp","href":"https:\/\/api.w.org\/{rel}","templated":true}]}}