{"id":2392,"date":"2025-11-06T20:59:02","date_gmt":"2025-11-06T20:59:02","guid":{"rendered":"https:\/\/nobilhunting.com\/?post_type=product&#038;p=2392"},"modified":"2025-11-17T06:44:11","modified_gmt":"2025-11-17T06:44:11","slug":"leather-rifle-case-gamehide-brown-timber-grove","status":"publish","type":"product","link":"https:\/\/nobilhunting.com\/it\/product\/leather-rifle-case-gamehide-brown-timber-grove\/","title":{"rendered":"Custodia per fucile in pelle - Gamehide Brown | Timber Grove"},"content":{"rendered":"<p data-start=\"2937\" data-end=\"3016\">La valigetta \u00e8 dotata di:<\/p>\n<ul data-start=\"3017\" data-end=\"3261\">\n<li data-start=\"3017\" data-end=\"3148\">\n<p data-start=\"3019\" data-end=\"3148\">A <strong data-start=\"3021\" data-end=\"3046\">tasca per ammortizzatore<\/strong> (36 \u00d7 7 \u00d7 4 cm) con chiusura lampo<\/p>\n<\/li>\n<li data-start=\"3149\" data-end=\"3261\">\n<p data-start=\"3151\" data-end=\"3261\">An <strong data-start=\"3153\" data-end=\"3187\">ammunition pocket<\/strong> (30 \u00d7 17 \u00d7 4 cm) with zipper<\/p>\n<\/li>\n<\/ul>\n<p data-start=\"3263\" data-end=\"3558\">Realizzato in tre misure. <strong data-start=\"3310\" data-end=\"3320\">110 cm<\/strong>, <strong data-start=\"3322\" data-end=\"3332\">120 cm<\/strong>, e <strong data-start=\"3338\" data-end=\"3348\">130 cm<\/strong><\/p>\n<p data-start=\"3780\" data-end=\"3920\">La personalizzazione \u00e8 disponibile su richiesta.<\/p>","protected":false},"excerpt":{"rendered":"<p>The case is equipped with: A shock absorber pocket (36 \u00d7 7 \u00d7 4 cm) with zipper An ammunition pocket (30 \u00d7 17 \u00d7 4 cm) with zipper Crafted in three sizes \u2014 110 cm, 120 cm, and 130 cm Personalization is available upon request.<\/p>","protected":false},"featured_media":2399,"comment_status":"open","ping_status":"closed","template":"","meta":[],"product_brand":[],"product_cat":[17],"product_tag":[341,95,343,113,230,344],"class_list":{"0":"post-2392","1":"product","2":"type-product","3":"status-publish","4":"has-post-thumbnail","6":"product_cat-rifle-case","7":"product_tag-hunting-rifle-bag","8":"product_tag-leather-rifle-case","9":"product_tag-personalized-rifle-bag","10":"product_tag-rifle-case-130-cm","11":"product_tag-rifle-case-with-strap","12":"product_tag-traditional-hunting-gear","13":"pa_collection-timber-grove","15":"first","16":"instock","17":"taxable","18":"shipping-taxable","19":"purchasable","20":"product-type-variable"},"yoast_head":"<!-- This site is optimized with the Yoast SEO plugin v26.6 - https:\/\/yoast.com\/wordpress\/plugins\/seo\/ -->\n<title>Leather Rifle Case \u2013 Gamehide Brown | Timber Grove - Nobil Hunting<\/title>\n<meta name=\"robots\" content=\"index, follow, max-snippet:-1, max-image-preview:large, max-video-preview:-1\" \/>\n<link rel=\"canonical\" href=\"https:\/\/nobilhunting.com\/it\/product\/leather-rifle-case-gamehide-brown-timber-grove\/\" \/>\n<meta property=\"og:locale\" content=\"it_IT\" \/>\n<meta property=\"og:type\" content=\"article\" \/>\n<meta property=\"og:title\" content=\"Leather Rifle Case \u2013 Gamehide Brown | Timber Grove - Nobil Hunting\" \/>\n<meta property=\"og:description\" content=\"The case is equipped with: A shock absorber pocket (36 \u00d7 7 \u00d7 4 cm) with zipper An ammunition pocket (30 \u00d7 17 \u00d7 4 cm) with zipper Crafted in three sizes \u2014 110 cm, 120 cm, and 130 cm Personalization is available upon request.\" \/>\n<meta property=\"og:url\" content=\"https:\/\/nobilhunting.com\/it\/product\/leather-rifle-case-gamehide-brown-timber-grove\/\" \/>\n<meta property=\"og:site_name\" content=\"Nobil Hunting\" \/>\n<meta property=\"article:publisher\" content=\"https:\/\/www.facebook.com\/nobilhunting\" \/>\n<meta property=\"article:modified_time\" content=\"2025-11-17T06:44:11+00:00\" \/>\n<meta property=\"og:image\" content=\"https:\/\/nobilhunting.com\/wp-content\/uploads\/2025\/11\/IMG_2484-scaled.jpg\" \/>\n\t<meta property=\"og:image:width\" content=\"1920\" \/>\n\t<meta property=\"og:image:height\" content=\"2560\" \/>\n\t<meta property=\"og:image:type\" content=\"image\/jpeg\" \/>\n<meta name=\"twitter:card\" content=\"summary_large_image\" \/>\n<meta name=\"twitter:label1\" content=\"Tempo di lettura stimato\" \/>\n\t<meta name=\"twitter:data1\" content=\"1 minuto\" \/>\n<script type=\"application\/ld+json\" class=\"yoast-schema-graph\">{\"@context\":\"https:\/\/schema.org\",\"@graph\":[{\"@type\":\"WebPage\",\"@id\":\"https:\/\/nobilhunting.com\/product\/leather-rifle-case-gamehide-brown-timber-grove\/\",\"url\":\"https:\/\/nobilhunting.com\/product\/leather-rifle-case-gamehide-brown-timber-grove\/\",\"name\":\"Leather Rifle Case \u2013 Gamehide Brown | Timber Grove - Nobil Hunting\",\"isPartOf\":{\"@id\":\"https:\/\/nobilhunting.com\/#website\"},\"primaryImageOfPage\":{\"@id\":\"https:\/\/nobilhunting.com\/product\/leather-rifle-case-gamehide-brown-timber-grove\/#primaryimage\"},\"image\":{\"@id\":\"https:\/\/nobilhunting.com\/product\/leather-rifle-case-gamehide-brown-timber-grove\/#primaryimage\"},\"thumbnailUrl\":\"https:\/\/nobilhunting.com\/wp-content\/uploads\/2025\/11\/IMG_2484-scaled.jpg\",\"datePublished\":\"2025-11-06T20:59:02+00:00\",\"dateModified\":\"2025-11-17T06:44:11+00:00\",\"breadcrumb\":{\"@id\":\"https:\/\/nobilhunting.com\/product\/leather-rifle-case-gamehide-brown-timber-grove\/#breadcrumb\"},\"inLanguage\":\"it-IT\",\"potentialAction\":[{\"@type\":\"ReadAction\",\"target\":[\"https:\/\/nobilhunting.com\/product\/leather-rifle-case-gamehide-brown-timber-grove\/\"]}]},{\"@type\":\"ImageObject\",\"inLanguage\":\"it-IT\",\"@id\":\"https:\/\/nobilhunting.com\/product\/leather-rifle-case-gamehide-brown-timber-grove\/#primaryimage\",\"url\":\"https:\/\/nobilhunting.com\/wp-content\/uploads\/2025\/11\/IMG_2484-scaled.jpg\",\"contentUrl\":\"https:\/\/nobilhunting.com\/wp-content\/uploads\/2025\/11\/IMG_2484-scaled.jpg\",\"width\":1920,\"height\":2560},{\"@type\":\"BreadcrumbList\",\"@id\":\"https:\/\/nobilhunting.com\/product\/leather-rifle-case-gamehide-brown-timber-grove\/#breadcrumb\",\"itemListElement\":[{\"@type\":\"ListItem\",\"position\":1,\"name\":\"Prima pagin\u0103\",\"item\":\"https:\/\/nobilhunting.com\/\"},{\"@type\":\"ListItem\",\"position\":2,\"name\":\"Shop\",\"item\":\"https:\/\/nobilhunting.com\/shop\/\"},{\"@type\":\"ListItem\",\"position\":3,\"name\":\"Leather Rifle Case \u2013 Gamehide Brown | Timber Grove\"}]},{\"@type\":\"WebSite\",\"@id\":\"https:\/\/nobilhunting.com\/#website\",\"url\":\"https:\/\/nobilhunting.com\/\",\"name\":\"Nobil Hunting\",\"description\":\"Natural leather accessories\",\"publisher\":{\"@id\":\"https:\/\/nobilhunting.com\/#organization\"},\"potentialAction\":[{\"@type\":\"SearchAction\",\"target\":{\"@type\":\"EntryPoint\",\"urlTemplate\":\"https:\/\/nobilhunting.com\/?s={search_term_string}\"},\"query-input\":{\"@type\":\"PropertyValueSpecification\",\"valueRequired\":true,\"valueName\":\"search_term_string\"}}],\"inLanguage\":\"it-IT\"},{\"@type\":\"Organization\",\"@id\":\"https:\/\/nobilhunting.com\/#organization\",\"name\":\"Nobil Hunting SRL\",\"url\":\"https:\/\/nobilhunting.com\/\",\"logo\":{\"@type\":\"ImageObject\",\"inLanguage\":\"it-IT\",\"@id\":\"https:\/\/nobilhunting.com\/#\/schema\/logo\/image\/\",\"url\":\"https:\/\/nobilhunting.com\/wp-content\/uploads\/2022\/01\/nobil-hunting-logo-1.png\",\"contentUrl\":\"https:\/\/nobilhunting.com\/wp-content\/uploads\/2022\/01\/nobil-hunting-logo-1.png\",\"width\":264,\"height\":89,\"caption\":\"Nobil Hunting SRL\"},\"image\":{\"@id\":\"https:\/\/nobilhunting.com\/#\/schema\/logo\/image\/\"},\"sameAs\":[\"https:\/\/www.facebook.com\/nobilhunting\",\"https:\/\/www.instagram.com\/nobilhunting\/\"]}]}<\/script>\n<!-- \/ Yoast SEO plugin. -->","yoast_head_json":{"title":"Leather Rifle Case \u2013 Gamehide Brown | Timber Grove - Nobil Hunting","robots":{"index":"index","follow":"follow","max-snippet":"max-snippet:-1","max-image-preview":"max-image-preview:large","max-video-preview":"max-video-preview:-1"},"canonical":"https:\/\/nobilhunting.com\/it\/product\/leather-rifle-case-gamehide-brown-timber-grove\/","og_locale":"it_IT","og_type":"article","og_title":"Leather Rifle Case \u2013 Gamehide Brown | Timber Grove - Nobil Hunting","og_description":"The case is equipped with: A shock absorber pocket (36 \u00d7 7 \u00d7 4 cm) with zipper An ammunition pocket (30 \u00d7 17 \u00d7 4 cm) with zipper Crafted in three sizes \u2014 110 cm, 120 cm, and 130 cm Personalization is available upon request.","og_url":"https:\/\/nobilhunting.com\/it\/product\/leather-rifle-case-gamehide-brown-timber-grove\/","og_site_name":"Nobil Hunting","article_publisher":"https:\/\/www.facebook.com\/nobilhunting","article_modified_time":"2025-11-17T06:44:11+00:00","og_image":[{"width":1920,"height":2560,"url":"https:\/\/nobilhunting.com\/wp-content\/uploads\/2025\/11\/IMG_2484-scaled.jpg","type":"image\/jpeg"}],"twitter_card":"summary_large_image","twitter_misc":{"Tempo di lettura stimato":"1 minuto"},"schema":{"@context":"https:\/\/schema.org","@graph":[{"@type":"WebPage","@id":"https:\/\/nobilhunting.com\/product\/leather-rifle-case-gamehide-brown-timber-grove\/","url":"https:\/\/nobilhunting.com\/product\/leather-rifle-case-gamehide-brown-timber-grove\/","name":"Leather Rifle Case \u2013 Gamehide Brown | Timber Grove - Nobil Hunting","isPartOf":{"@id":"https:\/\/nobilhunting.com\/#website"},"primaryImageOfPage":{"@id":"https:\/\/nobilhunting.com\/product\/leather-rifle-case-gamehide-brown-timber-grove\/#primaryimage"},"image":{"@id":"https:\/\/nobilhunting.com\/product\/leather-rifle-case-gamehide-brown-timber-grove\/#primaryimage"},"thumbnailUrl":"https:\/\/nobilhunting.com\/wp-content\/uploads\/2025\/11\/IMG_2484-scaled.jpg","datePublished":"2025-11-06T20:59:02+00:00","dateModified":"2025-11-17T06:44:11+00:00","breadcrumb":{"@id":"https:\/\/nobilhunting.com\/product\/leather-rifle-case-gamehide-brown-timber-grove\/#breadcrumb"},"inLanguage":"it-IT","potentialAction":[{"@type":"ReadAction","target":["https:\/\/nobilhunting.com\/product\/leather-rifle-case-gamehide-brown-timber-grove\/"]}]},{"@type":"ImageObject","inLanguage":"it-IT","@id":"https:\/\/nobilhunting.com\/product\/leather-rifle-case-gamehide-brown-timber-grove\/#primaryimage","url":"https:\/\/nobilhunting.com\/wp-content\/uploads\/2025\/11\/IMG_2484-scaled.jpg","contentUrl":"https:\/\/nobilhunting.com\/wp-content\/uploads\/2025\/11\/IMG_2484-scaled.jpg","width":1920,"height":2560},{"@type":"BreadcrumbList","@id":"https:\/\/nobilhunting.com\/product\/leather-rifle-case-gamehide-brown-timber-grove\/#breadcrumb","itemListElement":[{"@type":"ListItem","position":1,"name":"Prima pagin\u0103","item":"https:\/\/nobilhunting.com\/"},{"@type":"ListItem","position":2,"name":"Shop","item":"https:\/\/nobilhunting.com\/shop\/"},{"@type":"ListItem","position":3,"name":"Leather Rifle Case \u2013 Gamehide Brown | Timber Grove"}]},{"@type":"WebSite","@id":"https:\/\/nobilhunting.com\/#website","url":"https:\/\/nobilhunting.com\/","name":"Caccia Nobil","description":"Accessori in pelle naturale","publisher":{"@id":"https:\/\/nobilhunting.com\/#organization"},"potentialAction":[{"@type":"SearchAction","target":{"@type":"EntryPoint","urlTemplate":"https:\/\/nobilhunting.com\/?s={search_term_string}"},"query-input":{"@type":"PropertyValueSpecification","valueRequired":true,"valueName":"search_term_string"}}],"inLanguage":"it-IT"},{"@type":"Organization","@id":"https:\/\/nobilhunting.com\/#organization","name":"Nobil Hunting SRL","url":"https:\/\/nobilhunting.com\/","logo":{"@type":"ImageObject","inLanguage":"it-IT","@id":"https:\/\/nobilhunting.com\/#\/schema\/logo\/image\/","url":"https:\/\/nobilhunting.com\/wp-content\/uploads\/2022\/01\/nobil-hunting-logo-1.png","contentUrl":"https:\/\/nobilhunting.com\/wp-content\/uploads\/2022\/01\/nobil-hunting-logo-1.png","width":264,"height":89,"caption":"Nobil Hunting SRL"},"image":{"@id":"https:\/\/nobilhunting.com\/#\/schema\/logo\/image\/"},"sameAs":["https:\/\/www.facebook.com\/nobilhunting","https:\/\/www.instagram.com\/nobilhunting\/"]}]}},"_links":{"self":[{"href":"https:\/\/nobilhunting.com\/it\/wp-json\/wp\/v2\/product\/2392","targetHints":{"allow":["GET"]}}],"collection":[{"href":"https:\/\/nobilhunting.com\/it\/wp-json\/wp\/v2\/product"}],"about":[{"href":"https:\/\/nobilhunting.com\/it\/wp-json\/wp\/v2\/types\/product"}],"replies":[{"embeddable":true,"href":"https:\/\/nobilhunting.com\/it\/wp-json\/wp\/v2\/comments?post=2392"}],"wp:featuredmedia":[{"embeddable":true,"href":"https:\/\/nobilhunting.com\/it\/wp-json\/wp\/v2\/media\/2399"}],"wp:attachment":[{"href":"https:\/\/nobilhunting.com\/it\/wp-json\/wp\/v2\/media?parent=2392"}],"wp:term":[{"taxonomy":"product_brand","embeddable":true,"href":"https:\/\/nobilhunting.com\/it\/wp-json\/wp\/v2\/product_brand?post=2392"},{"taxonomy":"product_cat","embeddable":true,"href":"https:\/\/nobilhunting.com\/it\/wp-json\/wp\/v2\/product_cat?post=2392"},{"taxonomy":"product_tag","embeddable":true,"href":"https:\/\/nobilhunting.com\/it\/wp-json\/wp\/v2\/product_tag?post=2392"}],"curies":[{"name":"wp","href":"https:\/\/api.w.org\/{rel}","templated":true}]}}