{"id":1653,"date":"2024-12-14T17:40:33","date_gmt":"2024-12-14T17:40:33","guid":{"rendered":"https:\/\/nobilhunting.com\/?post_type=product&#038;p=1653"},"modified":"2025-11-04T08:17:58","modified_gmt":"2025-11-04T08:17:58","slug":"leather-rifle-case-brown-olive","status":"publish","type":"product","link":"https:\/\/nobilhunting.com\/hr\/product\/leather-rifle-case-brown-olive\/","title":{"rendered":"Ko\u017ena futrola za pu\u0161ku \u2013 sme\u0111e maslinasto | Highland Hide serija"},"content":{"rendered":"<h3 data-start=\"188\" data-end=\"285\"><strong data-start=\"188\" data-end=\"285\">Leather Rifle Case \u2013 Brown Olive | Highland Hide Series \u2013 Secure, Durable, Handcrafted<\/strong><\/h3>\n<p class=\"\" data-start=\"287\" data-end=\"555\">Experience premium rifle protection with the\u00a0 Leather Rifle Case in Brown Olive, part of our Highland Hide Series. This handcrafted case is made from genuine leather, offering a rugged aesthetic with refined details for hunters who value both style and function.<\/p>\n<p class=\"\" data-start=\"557\" data-end=\"868\">Designed to fit rifles 110- 130 cm, this case features a full-length, high-quality zipper for smooth access and safe closure. A padlock can be added for extra security during transport. The padded interior protects your firearm from impact, while the reinforced stitching enhances durability for long-term use.<\/p>\n<p class=\"\" data-start=\"870\" data-end=\"944\">For additional functionality, the case includes two external compartments:<\/p>\n<ul data-start=\"945\" data-end=\"1062\">\n<li class=\"\" data-start=\"945\" data-end=\"1005\">\n<p class=\"\" data-start=\"947\" data-end=\"1005\">A <strong data-start=\"949\" data-end=\"974\">d\u017eep za amortizer<\/strong> with zipper (L36 \u00d7 W7 \u00d7 H4 cm)<\/p>\n<\/li>\n<li class=\"\" data-start=\"1006\" data-end=\"1062\">\n<p class=\"\" data-start=\"1008\" data-end=\"1062\">An <strong data-start=\"1011\" data-end=\"1032\">d\u017eep za streljivo<\/strong> with zipper (L30 \u00d7 W17 \u00d7 H4 cm)<\/p>\n<\/li>\n<\/ul>\n<p class=\"\" data-start=\"1064\" data-end=\"1269\">The adjustable shoulder strap and reinforced leather handle make carrying easy and comfortable. Each case is handmade in Romania by skilled artisans, combining heritage craftsmanship with practical design.<\/p>\n<h3 data-start=\"1271\" data-end=\"1288\"><strong data-start=\"1271\" data-end=\"1288\">Key Features:<\/strong><\/h3>\n<ul>\n<li style=\"list-style-type: none;\">\n<ul data-start=\"1289\" data-end=\"1631\">\n<li class=\"\" data-start=\"1289\" data-end=\"1315\">\n<p class=\"\" data-start=\"1291\" data-end=\"1315\">Fits rifles 110-130 cm<\/p>\n<\/li>\n<li class=\"\" data-start=\"1316\" data-end=\"1366\">\n<p class=\"\" data-start=\"1318\" data-end=\"1366\">Genuine leather in a brown and olive combination<\/p>\n<\/li>\n<li class=\"\" data-start=\"1367\" data-end=\"1416\">\n<p class=\"\" data-start=\"1369\" data-end=\"1416\">Premium full-length zipper (padlock-compatible)<\/p>\n<\/li>\n<li class=\"\" data-start=\"1417\" data-end=\"1468\">\n<p class=\"\" data-start=\"1419\" data-end=\"1468\">Zippered shock absorber pocket (L36 \u00d7 W7 \u00d7 H4 cm)<\/p>\n<\/li>\n<li class=\"\" data-start=\"1469\" data-end=\"1518\">\n<p class=\"\" data-start=\"1471\" data-end=\"1518\">Ammunition pocket with zipper (L30 \u00d7 W17 \u00d7 H4 cm)<\/p>\n<\/li>\n<li class=\"\" data-start=\"1519\" data-end=\"1576\">\n<p class=\"\" data-start=\"1521\" data-end=\"1576\">Adjustable leather shoulder strap and reinforced handle<\/p>\n<\/li>\n<li class=\"\" data-start=\"1577\" data-end=\"1606\">\n<p class=\"\" data-start=\"1579\" data-end=\"1606\">Embossed Nobil Hunting logo<\/p>\n<\/li>\n<li class=\"\" data-start=\"1577\" data-end=\"1606\">\n<p class=\"\" data-start=\"1579\" data-end=\"1606\">Handcrafted in Romania<\/p>\n<\/li>\n<\/ul>\n<\/li>\n<\/ul>\n<p class=\"\" data-start=\"1549\" data-end=\"1794\">Want to complete the look? Explore our<a href=\"https:\/\/nobilhunting.com\/hr\/product-category\/cartridge\/\"> leather cartridge belts<\/a> i <a class=\"cursor-pointer\" href=\"https:\/\/nobilhunting.com\/hr\/product-category\/backpack\/\" target=\"_new\" rel=\"noopener\" data-start=\"1674\" data-end=\"1756\">handmade hunting backpacks<\/a> that pair beautifully with this case.<\/p>\n<p class=\"\" data-start=\"1796\" data-end=\"1938\"><strong data-start=\"1799\" data-end=\"1819\">Savjet za njegu ko\u017ee<\/strong>: Kako biste sa\u010duvali izdr\u017eljivost i izgled ko\u017ee, redovito je njegujte i izbjegavajte skladi\u0161tenje u vla\u017enim okru\u017eenjima.<\/p>\n<p class=\"\" data-start=\"1940\" data-end=\"2034\">Visit <a class=\"\" href=\"https:\/\/nobilhunting.com\/hr\/\" target=\"_new\" rel=\"noopener\" data-start=\"1949\" data-end=\"1990\">Nobil Hunting<\/a> for more artisan hunting gear made to last.<\/p>","protected":false},"excerpt":{"rendered":"<p>Leather Rifle Case \u2013 Brown Olive | Highland Hide Series \u2013 Secure, Durable, Handcrafted Experience premium rifle protection with the\u00a0 Leather Rifle Case in Brown Olive, part of our Highland Hide Series. This handcrafted case is made from genuine leather, offering a rugged aesthetic with refined details for hunters who value both style and function. [&#8230;]\n","protected":false},"featured_media":1637,"comment_status":"open","ping_status":"closed","template":"","meta":[],"product_brand":[],"product_cat":[17],"product_tag":[97,115,116,76,95,117,114,113],"class_list":{"0":"post-1653","1":"product","2":"type-product","3":"status-publish","4":"has-post-thumbnail","6":"product_cat-rifle-case","7":"product_tag-brown-rifle-case","8":"product_tag-handmade-rifle-case","9":"product_tag-highland-hide","10":"product_tag-hunting-gear","11":"product_tag-leather-rifle-case","12":"product_tag-nobil-hunting","13":"product_tag-olive-rifle-case","14":"product_tag-rifle-case-130-cm","15":"pa_collection-highland-hide-series","17":"first","18":"outofstock","19":"taxable","20":"shipping-taxable","21":"purchasable","22":"product-type-variable"},"yoast_head":"<!-- This site is optimized with the Yoast SEO plugin v26.6 - https:\/\/yoast.com\/wordpress\/plugins\/seo\/ -->\n<title>Leather Rifle Case \u2013 Brown Olive | Highland Hide Series - Nobil Hunting<\/title>\n<meta name=\"description\" content=\"Handmade leather rifle case in brown olive. Features padded interior, ammo &amp; damper pockets, and secure zipper. Part of Highland Hide Series.\" \/>\n<meta name=\"robots\" content=\"index, follow, max-snippet:-1, max-image-preview:large, max-video-preview:-1\" \/>\n<link rel=\"canonical\" href=\"https:\/\/nobilhunting.com\/hr\/product\/leather-rifle-case-brown-olive\/\" \/>\n<meta property=\"og:locale\" content=\"hr_HR\" \/>\n<meta property=\"og:type\" content=\"article\" \/>\n<meta property=\"og:title\" content=\"Leather Rifle Case \u2013 Brown Olive | Highland Hide Series - Nobil Hunting\" \/>\n<meta property=\"og:description\" content=\"Handmade leather rifle case in brown olive. Features padded interior, ammo &amp; damper pockets, and secure zipper. Part of Highland Hide Series.\" \/>\n<meta property=\"og:url\" content=\"https:\/\/nobilhunting.com\/hr\/product\/leather-rifle-case-brown-olive\/\" \/>\n<meta property=\"og:site_name\" content=\"Nobil Hunting\" \/>\n<meta property=\"article:publisher\" content=\"https:\/\/www.facebook.com\/nobilhunting\" \/>\n<meta property=\"article:modified_time\" content=\"2025-11-04T08:17:58+00:00\" \/>\n<meta property=\"og:image\" content=\"https:\/\/nobilhunting.com\/wp-content\/uploads\/2024\/12\/IMG_6897-scaled.jpeg\" \/>\n\t<meta property=\"og:image:width\" content=\"1920\" \/>\n\t<meta property=\"og:image:height\" content=\"2560\" \/>\n\t<meta property=\"og:image:type\" content=\"image\/jpeg\" \/>\n<meta name=\"twitter:card\" content=\"summary_large_image\" \/>\n<meta name=\"twitter:label1\" content=\"Procijenjeno vrijeme \u010ditanja\" \/>\n\t<meta name=\"twitter:data1\" content=\"2 minute\" \/>\n<script type=\"application\/ld+json\" class=\"yoast-schema-graph\">{\"@context\":\"https:\/\/schema.org\",\"@graph\":[{\"@type\":\"WebPage\",\"@id\":\"https:\/\/nobilhunting.com\/product\/leather-rifle-case-brown-olive\/\",\"url\":\"https:\/\/nobilhunting.com\/product\/leather-rifle-case-brown-olive\/\",\"name\":\"Leather Rifle Case \u2013 Brown Olive | Highland Hide Series - Nobil Hunting\",\"isPartOf\":{\"@id\":\"https:\/\/nobilhunting.com\/#website\"},\"primaryImageOfPage\":{\"@id\":\"https:\/\/nobilhunting.com\/product\/leather-rifle-case-brown-olive\/#primaryimage\"},\"image\":{\"@id\":\"https:\/\/nobilhunting.com\/product\/leather-rifle-case-brown-olive\/#primaryimage\"},\"thumbnailUrl\":\"https:\/\/nobilhunting.com\/wp-content\/uploads\/2024\/12\/IMG_6897-scaled.jpeg\",\"datePublished\":\"2024-12-14T17:40:33+00:00\",\"dateModified\":\"2025-11-04T08:17:58+00:00\",\"description\":\"Handmade leather rifle case in brown olive. Features padded interior, ammo & damper pockets, and secure zipper. Part of Highland Hide Series.\",\"breadcrumb\":{\"@id\":\"https:\/\/nobilhunting.com\/product\/leather-rifle-case-brown-olive\/#breadcrumb\"},\"inLanguage\":\"hr\",\"potentialAction\":[{\"@type\":\"ReadAction\",\"target\":[\"https:\/\/nobilhunting.com\/product\/leather-rifle-case-brown-olive\/\"]}]},{\"@type\":\"ImageObject\",\"inLanguage\":\"hr\",\"@id\":\"https:\/\/nobilhunting.com\/product\/leather-rifle-case-brown-olive\/#primaryimage\",\"url\":\"https:\/\/nobilhunting.com\/wp-content\/uploads\/2024\/12\/IMG_6897-scaled.jpeg\",\"contentUrl\":\"https:\/\/nobilhunting.com\/wp-content\/uploads\/2024\/12\/IMG_6897-scaled.jpeg\",\"width\":1920,\"height\":2560,\"caption\":\"leather rifle case 130 cm brown olive highland hide series\"},{\"@type\":\"BreadcrumbList\",\"@id\":\"https:\/\/nobilhunting.com\/product\/leather-rifle-case-brown-olive\/#breadcrumb\",\"itemListElement\":[{\"@type\":\"ListItem\",\"position\":1,\"name\":\"Prima pagin\u0103\",\"item\":\"https:\/\/nobilhunting.com\/\"},{\"@type\":\"ListItem\",\"position\":2,\"name\":\"Shop\",\"item\":\"https:\/\/nobilhunting.com\/shop\/\"},{\"@type\":\"ListItem\",\"position\":3,\"name\":\"Leather Rifle Case \u2013 Brown Olive | Highland Hide Series\"}]},{\"@type\":\"WebSite\",\"@id\":\"https:\/\/nobilhunting.com\/#website\",\"url\":\"https:\/\/nobilhunting.com\/\",\"name\":\"Nobil Hunting\",\"description\":\"Natural leather accessories\",\"publisher\":{\"@id\":\"https:\/\/nobilhunting.com\/#organization\"},\"potentialAction\":[{\"@type\":\"SearchAction\",\"target\":{\"@type\":\"EntryPoint\",\"urlTemplate\":\"https:\/\/nobilhunting.com\/?s={search_term_string}\"},\"query-input\":{\"@type\":\"PropertyValueSpecification\",\"valueRequired\":true,\"valueName\":\"search_term_string\"}}],\"inLanguage\":\"hr\"},{\"@type\":\"Organization\",\"@id\":\"https:\/\/nobilhunting.com\/#organization\",\"name\":\"Nobil Hunting SRL\",\"url\":\"https:\/\/nobilhunting.com\/\",\"logo\":{\"@type\":\"ImageObject\",\"inLanguage\":\"hr\",\"@id\":\"https:\/\/nobilhunting.com\/#\/schema\/logo\/image\/\",\"url\":\"https:\/\/nobilhunting.com\/wp-content\/uploads\/2022\/01\/nobil-hunting-logo-1.png\",\"contentUrl\":\"https:\/\/nobilhunting.com\/wp-content\/uploads\/2022\/01\/nobil-hunting-logo-1.png\",\"width\":264,\"height\":89,\"caption\":\"Nobil Hunting SRL\"},\"image\":{\"@id\":\"https:\/\/nobilhunting.com\/#\/schema\/logo\/image\/\"},\"sameAs\":[\"https:\/\/www.facebook.com\/nobilhunting\",\"https:\/\/www.instagram.com\/nobilhunting\/\"]}]}<\/script>\n<!-- \/ Yoast SEO plugin. -->","yoast_head_json":{"title":"Leather Rifle Case \u2013 Brown Olive | Highland Hide Series - Nobil Hunting","description":"Handmade leather rifle case in brown olive. Features padded interior, ammo & damper pockets, and secure zipper. Part of Highland Hide Series.","robots":{"index":"index","follow":"follow","max-snippet":"max-snippet:-1","max-image-preview":"max-image-preview:large","max-video-preview":"max-video-preview:-1"},"canonical":"https:\/\/nobilhunting.com\/hr\/product\/leather-rifle-case-brown-olive\/","og_locale":"hr_HR","og_type":"article","og_title":"Leather Rifle Case \u2013 Brown Olive | Highland Hide Series - Nobil Hunting","og_description":"Handmade leather rifle case in brown olive. Features padded interior, ammo & damper pockets, and secure zipper. Part of Highland Hide Series.","og_url":"https:\/\/nobilhunting.com\/hr\/product\/leather-rifle-case-brown-olive\/","og_site_name":"Nobil Hunting","article_publisher":"https:\/\/www.facebook.com\/nobilhunting","article_modified_time":"2025-11-04T08:17:58+00:00","og_image":[{"width":1920,"height":2560,"url":"https:\/\/nobilhunting.com\/wp-content\/uploads\/2024\/12\/IMG_6897-scaled.jpeg","type":"image\/jpeg"}],"twitter_card":"summary_large_image","twitter_misc":{"Procijenjeno vrijeme \u010ditanja":"2 minute"},"schema":{"@context":"https:\/\/schema.org","@graph":[{"@type":"WebPage","@id":"https:\/\/nobilhunting.com\/product\/leather-rifle-case-brown-olive\/","url":"https:\/\/nobilhunting.com\/product\/leather-rifle-case-brown-olive\/","name":"Leather Rifle Case \u2013 Brown Olive | Highland Hide Series - Nobil Hunting","isPartOf":{"@id":"https:\/\/nobilhunting.com\/#website"},"primaryImageOfPage":{"@id":"https:\/\/nobilhunting.com\/product\/leather-rifle-case-brown-olive\/#primaryimage"},"image":{"@id":"https:\/\/nobilhunting.com\/product\/leather-rifle-case-brown-olive\/#primaryimage"},"thumbnailUrl":"https:\/\/nobilhunting.com\/wp-content\/uploads\/2024\/12\/IMG_6897-scaled.jpeg","datePublished":"2024-12-14T17:40:33+00:00","dateModified":"2025-11-04T08:17:58+00:00","description":"Handmade leather rifle case in brown olive. Features padded interior, ammo & damper pockets, and secure zipper. Part of Highland Hide Series.","breadcrumb":{"@id":"https:\/\/nobilhunting.com\/product\/leather-rifle-case-brown-olive\/#breadcrumb"},"inLanguage":"hr","potentialAction":[{"@type":"ReadAction","target":["https:\/\/nobilhunting.com\/product\/leather-rifle-case-brown-olive\/"]}]},{"@type":"ImageObject","inLanguage":"hr","@id":"https:\/\/nobilhunting.com\/product\/leather-rifle-case-brown-olive\/#primaryimage","url":"https:\/\/nobilhunting.com\/wp-content\/uploads\/2024\/12\/IMG_6897-scaled.jpeg","contentUrl":"https:\/\/nobilhunting.com\/wp-content\/uploads\/2024\/12\/IMG_6897-scaled.jpeg","width":1920,"height":2560,"caption":"leather rifle case 130 cm brown olive highland hide series"},{"@type":"BreadcrumbList","@id":"https:\/\/nobilhunting.com\/product\/leather-rifle-case-brown-olive\/#breadcrumb","itemListElement":[{"@type":"ListItem","position":1,"name":"Prima pagin\u0103","item":"https:\/\/nobilhunting.com\/"},{"@type":"ListItem","position":2,"name":"Shop","item":"https:\/\/nobilhunting.com\/shop\/"},{"@type":"ListItem","position":3,"name":"Leather Rifle Case \u2013 Brown Olive | Highland Hide Series"}]},{"@type":"WebSite","@id":"https:\/\/nobilhunting.com\/#website","url":"https:\/\/nobilhunting.com\/","name":"Nobil Hunting","description":"Dodaci od prirodne ko\u017ee","publisher":{"@id":"https:\/\/nobilhunting.com\/#organization"},"potentialAction":[{"@type":"SearchAction","target":{"@type":"EntryPoint","urlTemplate":"https:\/\/nobilhunting.com\/?s={search_term_string}"},"query-input":{"@type":"PropertyValueSpecification","valueRequired":true,"valueName":"search_term_string"}}],"inLanguage":"hr"},{"@type":"Organization","@id":"https:\/\/nobilhunting.com\/#organization","name":"Nobil Hunting SRL","url":"https:\/\/nobilhunting.com\/","logo":{"@type":"ImageObject","inLanguage":"hr","@id":"https:\/\/nobilhunting.com\/#\/schema\/logo\/image\/","url":"https:\/\/nobilhunting.com\/wp-content\/uploads\/2022\/01\/nobil-hunting-logo-1.png","contentUrl":"https:\/\/nobilhunting.com\/wp-content\/uploads\/2022\/01\/nobil-hunting-logo-1.png","width":264,"height":89,"caption":"Nobil Hunting SRL"},"image":{"@id":"https:\/\/nobilhunting.com\/#\/schema\/logo\/image\/"},"sameAs":["https:\/\/www.facebook.com\/nobilhunting","https:\/\/www.instagram.com\/nobilhunting\/"]}]}},"_links":{"self":[{"href":"https:\/\/nobilhunting.com\/hr\/wp-json\/wp\/v2\/product\/1653","targetHints":{"allow":["GET"]}}],"collection":[{"href":"https:\/\/nobilhunting.com\/hr\/wp-json\/wp\/v2\/product"}],"about":[{"href":"https:\/\/nobilhunting.com\/hr\/wp-json\/wp\/v2\/types\/product"}],"replies":[{"embeddable":true,"href":"https:\/\/nobilhunting.com\/hr\/wp-json\/wp\/v2\/comments?post=1653"}],"wp:featuredmedia":[{"embeddable":true,"href":"https:\/\/nobilhunting.com\/hr\/wp-json\/wp\/v2\/media\/1637"}],"wp:attachment":[{"href":"https:\/\/nobilhunting.com\/hr\/wp-json\/wp\/v2\/media?parent=1653"}],"wp:term":[{"taxonomy":"product_brand","embeddable":true,"href":"https:\/\/nobilhunting.com\/hr\/wp-json\/wp\/v2\/product_brand?post=1653"},{"taxonomy":"product_cat","embeddable":true,"href":"https:\/\/nobilhunting.com\/hr\/wp-json\/wp\/v2\/product_cat?post=1653"},{"taxonomy":"product_tag","embeddable":true,"href":"https:\/\/nobilhunting.com\/hr\/wp-json\/wp\/v2\/product_tag?post=1653"}],"curies":[{"name":"wp","href":"https:\/\/api.w.org\/{rel}","templated":true}]}}