{"id":173,"date":"2022-01-23T17:48:20","date_gmt":"2022-01-23T17:48:20","guid":{"rendered":"https:\/\/nobilhunting.com\/?page_id=173"},"modified":"2022-01-23T20:29:45","modified_gmt":"2022-01-23T20:29:45","slug":"about-us","status":"publish","type":"page","link":"https:\/\/nobilhunting.com\/hr\/about-us\/","title":{"rendered":"O nama"},"content":{"rendered":"<section class=\"section\" id=\"section_588675971\">\n\t\t<div class=\"section-bg fill\" >\n\t\t\t\t\t\t\t\t\t\n\t\t\t\n\n\t\t<\/div>\n\n\t\t\n\n\t\t<div class=\"section-content relative\">\n\t\t\t\n\t<div id=\"gap-258860720\" class=\"gap-element clearfix\" style=\"display:block; height:auto;\">\n\t\t\n<style>\n#gap-258860720 {\n  padding-top: 30px;\n}\n<\/style>\n\t<\/div>\n\t\n<div class=\"row align-middle align-center\"  id=\"row-1767149752\">\n\n\t<div id=\"col-730647115\" class=\"col medium-12 small-12 large-6\"  >\n\t\t\t\t<div class=\"col-inner\"  >\n\t\t\t\n\t\t\t\n<div class=\"row\"  id=\"row-1576153027\">\n\n\t<div id=\"col-1939887443\" class=\"col medium-6 small-12 large-7\"  >\n\t\t\t\t<div class=\"col-inner\"  >\n\t\t\t\n\t\t\t\n\n  <div class=\"banner has-hover\" id=\"banner-904289888\">\n          <div class=\"banner-inner fill\">\n        <div class=\"banner-bg fill\" >\n            <img loading=\"lazy\" decoding=\"async\" width=\"560\" height=\"756\" src=\"https:\/\/nobilhunting.com\/wp-content\/uploads\/2022\/01\/271568289_664465971375780_8357532730198334638_n.jpg\" class=\"bg attachment-large size-large\" alt=\"\" \/>                                    \n                    <\/div>\n\t\t\n        <div class=\"banner-layers container\">\n            <div class=\"fill banner-link\"><\/div>            \n        <\/div>\n      <\/div>\n\n            \n<style>\n#banner-904289888 {\n  padding-top: 99.99%;\n  background-color: rgba(0, 0, 0, 0);\n}\n@media (min-width:550px) {\n  #banner-904289888 {\n    padding-top: 150%;\n  }\n}\n@media (min-width:850px) {\n  #banner-904289888 {\n    padding-top: 136%;\n  }\n}\n<\/style>\n  <\/div>\n\n\n\t\t<\/div>\n\t\t\t\t\t<\/div>\n\n\t\n\n\t<div id=\"col-137396618\" class=\"col medium-6 small-12 large-5\"  >\n\t\t\t\t<div class=\"col-inner\"  >\n\t\t\t\n\t\t\t\n\n  <div class=\"banner has-hover\" id=\"banner-1028290915\">\n          <div class=\"banner-inner fill\">\n        <div class=\"banner-bg fill\" >\n            <img loading=\"lazy\" decoding=\"async\" width=\"512\" height=\"512\" src=\"https:\/\/nobilhunting.com\/wp-content\/uploads\/2022\/01\/cropped-Logo-nobil-hunting.jpg\" class=\"bg attachment-large size-large\" alt=\"\" \/>                                    \n                    <\/div>\n\t\t\n        <div class=\"banner-layers container\">\n            <div class=\"fill banner-link\"><\/div>            \n        <\/div>\n      <\/div>\n\n            \n<style>\n#banner-1028290915 {\n  padding-top: 60%;\n  background-color: rgba(0, 0, 0, 0);\n}\n@media (min-width:550px) {\n  #banner-1028290915 {\n    padding-top: 76%;\n  }\n}\n@media (min-width:850px) {\n  #banner-1028290915 {\n    padding-top: 98%;\n  }\n}\n<\/style>\n  <\/div>\n\n\n\t\t<\/div>\n\t\t\t\t\t<\/div>\n\n\t\n<\/div>\n<div class=\"row align-right\"  id=\"row-1014561387\">\n\n\t<div id=\"col-1302452132\" class=\"col medium-7 small-12 large-7\"  >\n\t\t\t\t<div class=\"col-inner\"  >\n\t\t\t\n\t\t\t\n\n  <div class=\"banner has-hover\" id=\"banner-2097903573\">\n          <div class=\"banner-inner fill\">\n        <div class=\"banner-bg fill\" >\n            <img loading=\"lazy\" decoding=\"async\" width=\"768\" height=\"1024\" src=\"https:\/\/nobilhunting.com\/wp-content\/uploads\/2022\/01\/SAVE_20220103_152133-768x1024.jpg\" class=\"bg attachment-large size-large\" alt=\"\" \/>                                    \n                    <\/div>\n\t\t\n        <div class=\"banner-layers container\">\n            <div class=\"fill banner-link\"><\/div>            \n        <\/div>\n      <\/div>\n\n            \n<style>\n#banner-2097903573 {\n  padding-top: 60%;\n  background-color: rgba(0, 0, 0, 0);\n}\n@media (min-width:550px) {\n  #banner-2097903573 {\n    padding-top: 107%;\n  }\n}\n<\/style>\n  <\/div>\n\n\n\t\t<\/div>\n\t\t\t\t\n<style>\n#col-1302452132 > .col-inner {\n  margin: 0 0px 0px 0px;\n}\n@media (min-width:550px) {\n  #col-1302452132 > .col-inner {\n    margin: -290px 0px 0px 0px;\n  }\n}\n@media (min-width:850px) {\n  #col-1302452132 > .col-inner {\n    margin: -165px 0px 0px 0px;\n  }\n}\n<\/style>\n\t<\/div>\n\n\t\n<\/div>\n\t\t<\/div>\n\t\t\t\t\t<\/div>\n\n\t\n\n\t<div id=\"col-1390081706\" class=\"col medium-12 small-12 large-6\"  >\n\t\t\t\t<div class=\"col-inner\"  >\n\t\t\t\n\t\t\t\n\t<div id=\"text-3620422027\" class=\"text\">\n\t\t\n<h2>O na\u0161oj tvrtki<\/h2>\n\t\t\n<style>\n#text-3620422027 {\n  font-size: 1.3rem;\n}\n<\/style>\n\t<\/div>\n\t\n\t<div id=\"text-2956061883\" class=\"text\">\n\t\t\n<p>Mi smo tvornica koja proizvodi prirodnu ko\u017enu opremu za lov. Predmeti su ru\u010dno izra\u0111eni s velikom pa\u017enjom posve\u0107enom detaljima. Razlika proizlazi iz iskustva ste\u010denog tijekom vi\u0161e od 10 godina djelovanja. Koristimo samo vrhunske sirovine od provjerenih proizvo\u0111a\u010da. Posve\u0107ujemo puno pa\u017enje detaljima i fokusiramo se na potrebe korisnika prilikom kori\u0161tenja na\u0161ih proizvoda u prirodi. Imali smo zadovoljstvo prodavati na\u0161e proizvode u ve\u0107ini zemalja Europske unije i \u0161ire. Na\u0161i najve\u0107i klijenti su iz Njema\u010dke, Austrije, Francuske, Ma\u0111arske, Slovenije itd. Tisu\u0107e klijenata preporu\u010duju nas zbog profesionalnosti i ozbiljnosti na koju smo se uklju\u010dili u dugoro\u010dni odnos s njima. Uvijek se volimo prilagoditi zahtjevima kupaca i brzo odgovoriti na njihove \u017eelje za prilagodbom. Veselimo se \u0161to \u0107ete biti me\u0111u na\u0161im kupcima i \u0161to \u0107emo vas mo\u0107i po\u010deti odu\u0161evljavati na\u0161im proizvodima!<\/p>\n\t\t\n<style>\n#text-2956061883 {\n  text-align: center;\n}\n<\/style>\n\t<\/div>\n\t\n<a href=\"https:\/\/nobilhunting.com\/hr\/contact\/\" class=\"button secondary\" style=\"border-radius:5px;\">\n\t\t<span>Kontaktirajte nas<\/span>\n\t<\/a>\n\n\t\t<\/div>\n\t\t\t\t\n<style>\n#col-1390081706 > .col-inner {\n  padding: 0px 0 0px 0px;\n}\n@media (min-width:550px) {\n  #col-1390081706 > .col-inner {\n    padding: 0px 10% 0px 0px;\n  }\n}\n@media (min-width:850px) {\n  #col-1390081706 > .col-inner {\n    padding: 0px 0px 0px 15%;\n  }\n}\n<\/style>\n\t<\/div>\n\n\t\n<\/div>\n\t\t<\/div>\n\n\t\t\n<style>\n#section_588675971 {\n  padding-top: 30px;\n  padding-bottom: 30px;\n}\n<\/style>\n\t<\/section>","protected":false},"excerpt":{"rendered":"","protected":false},"author":1,"featured_media":0,"parent":0,"menu_order":0,"comment_status":"closed","ping_status":"closed","template":"","meta":{"footnotes":""},"class_list":["post-173","page","type-page","status-publish","hentry"],"yoast_head":"<!-- This site is optimized with the Yoast SEO plugin v26.6 - https:\/\/yoast.com\/wordpress\/plugins\/seo\/ -->\n<title>About us - Nobil Hunting<\/title>\n<meta name=\"robots\" content=\"index, follow, max-snippet:-1, max-image-preview:large, max-video-preview:-1\" \/>\n<link rel=\"canonical\" href=\"https:\/\/nobilhunting.com\/hr\/about-us\/\" \/>\n<meta property=\"og:locale\" content=\"hr_HR\" \/>\n<meta property=\"og:type\" content=\"article\" \/>\n<meta property=\"og:title\" content=\"About us - Nobil Hunting\" \/>\n<meta property=\"og:url\" content=\"https:\/\/nobilhunting.com\/hr\/about-us\/\" \/>\n<meta property=\"og:site_name\" content=\"Nobil Hunting\" \/>\n<meta property=\"article:publisher\" content=\"https:\/\/www.facebook.com\/nobilhunting\" \/>\n<meta property=\"article:modified_time\" content=\"2022-01-23T20:29:45+00:00\" \/>\n<meta name=\"twitter:card\" content=\"summary_large_image\" \/>\n<meta name=\"twitter:label1\" content=\"Procijenjeno vrijeme \u010ditanja\" \/>\n\t<meta name=\"twitter:data1\" content=\"2 minute\" \/>\n<script type=\"application\/ld+json\" class=\"yoast-schema-graph\">{\"@context\":\"https:\/\/schema.org\",\"@graph\":[{\"@type\":\"WebPage\",\"@id\":\"https:\/\/nobilhunting.com\/about-us\/\",\"url\":\"https:\/\/nobilhunting.com\/about-us\/\",\"name\":\"About us - Nobil Hunting\",\"isPartOf\":{\"@id\":\"https:\/\/nobilhunting.com\/#website\"},\"datePublished\":\"2022-01-23T17:48:20+00:00\",\"dateModified\":\"2022-01-23T20:29:45+00:00\",\"breadcrumb\":{\"@id\":\"https:\/\/nobilhunting.com\/about-us\/#breadcrumb\"},\"inLanguage\":\"hr\",\"potentialAction\":[{\"@type\":\"ReadAction\",\"target\":[\"https:\/\/nobilhunting.com\/about-us\/\"]}]},{\"@type\":\"BreadcrumbList\",\"@id\":\"https:\/\/nobilhunting.com\/about-us\/#breadcrumb\",\"itemListElement\":[{\"@type\":\"ListItem\",\"position\":1,\"name\":\"Prima pagin\u0103\",\"item\":\"https:\/\/nobilhunting.com\/\"},{\"@type\":\"ListItem\",\"position\":2,\"name\":\"About us\"}]},{\"@type\":\"WebSite\",\"@id\":\"https:\/\/nobilhunting.com\/#website\",\"url\":\"https:\/\/nobilhunting.com\/\",\"name\":\"Nobil Hunting\",\"description\":\"Natural leather accessories\",\"publisher\":{\"@id\":\"https:\/\/nobilhunting.com\/#organization\"},\"potentialAction\":[{\"@type\":\"SearchAction\",\"target\":{\"@type\":\"EntryPoint\",\"urlTemplate\":\"https:\/\/nobilhunting.com\/?s={search_term_string}\"},\"query-input\":{\"@type\":\"PropertyValueSpecification\",\"valueRequired\":true,\"valueName\":\"search_term_string\"}}],\"inLanguage\":\"hr\"},{\"@type\":\"Organization\",\"@id\":\"https:\/\/nobilhunting.com\/#organization\",\"name\":\"Nobil Hunting SRL\",\"url\":\"https:\/\/nobilhunting.com\/\",\"logo\":{\"@type\":\"ImageObject\",\"inLanguage\":\"hr\",\"@id\":\"https:\/\/nobilhunting.com\/#\/schema\/logo\/image\/\",\"url\":\"https:\/\/nobilhunting.com\/wp-content\/uploads\/2022\/01\/nobil-hunting-logo-1.png\",\"contentUrl\":\"https:\/\/nobilhunting.com\/wp-content\/uploads\/2022\/01\/nobil-hunting-logo-1.png\",\"width\":264,\"height\":89,\"caption\":\"Nobil Hunting SRL\"},\"image\":{\"@id\":\"https:\/\/nobilhunting.com\/#\/schema\/logo\/image\/\"},\"sameAs\":[\"https:\/\/www.facebook.com\/nobilhunting\",\"https:\/\/www.instagram.com\/nobilhunting\/\"]}]}<\/script>\n<!-- \/ Yoast SEO plugin. -->","yoast_head_json":{"title":"O nama - Nobil Hunting","robots":{"index":"index","follow":"follow","max-snippet":"max-snippet:-1","max-image-preview":"max-image-preview:large","max-video-preview":"max-video-preview:-1"},"canonical":"https:\/\/nobilhunting.com\/hr\/about-us\/","og_locale":"hr_HR","og_type":"article","og_title":"About us - Nobil Hunting","og_url":"https:\/\/nobilhunting.com\/hr\/about-us\/","og_site_name":"Nobil Hunting","article_publisher":"https:\/\/www.facebook.com\/nobilhunting","article_modified_time":"2022-01-23T20:29:45+00:00","twitter_card":"summary_large_image","twitter_misc":{"Procijenjeno vrijeme \u010ditanja":"2 minute"},"schema":{"@context":"https:\/\/schema.org","@graph":[{"@type":"WebPage","@id":"https:\/\/nobilhunting.com\/about-us\/","url":"https:\/\/nobilhunting.com\/about-us\/","name":"O nama - Nobil Hunting","isPartOf":{"@id":"https:\/\/nobilhunting.com\/#website"},"datePublished":"2022-01-23T17:48:20+00:00","dateModified":"2022-01-23T20:29:45+00:00","breadcrumb":{"@id":"https:\/\/nobilhunting.com\/about-us\/#breadcrumb"},"inLanguage":"hr","potentialAction":[{"@type":"ReadAction","target":["https:\/\/nobilhunting.com\/about-us\/"]}]},{"@type":"BreadcrumbList","@id":"https:\/\/nobilhunting.com\/about-us\/#breadcrumb","itemListElement":[{"@type":"ListItem","position":1,"name":"Prima pagin\u0103","item":"https:\/\/nobilhunting.com\/"},{"@type":"ListItem","position":2,"name":"About us"}]},{"@type":"WebSite","@id":"https:\/\/nobilhunting.com\/#website","url":"https:\/\/nobilhunting.com\/","name":"Nobil Hunting","description":"Dodaci od prirodne ko\u017ee","publisher":{"@id":"https:\/\/nobilhunting.com\/#organization"},"potentialAction":[{"@type":"SearchAction","target":{"@type":"EntryPoint","urlTemplate":"https:\/\/nobilhunting.com\/?s={search_term_string}"},"query-input":{"@type":"PropertyValueSpecification","valueRequired":true,"valueName":"search_term_string"}}],"inLanguage":"hr"},{"@type":"Organization","@id":"https:\/\/nobilhunting.com\/#organization","name":"Nobil Hunting SRL","url":"https:\/\/nobilhunting.com\/","logo":{"@type":"ImageObject","inLanguage":"hr","@id":"https:\/\/nobilhunting.com\/#\/schema\/logo\/image\/","url":"https:\/\/nobilhunting.com\/wp-content\/uploads\/2022\/01\/nobil-hunting-logo-1.png","contentUrl":"https:\/\/nobilhunting.com\/wp-content\/uploads\/2022\/01\/nobil-hunting-logo-1.png","width":264,"height":89,"caption":"Nobil Hunting SRL"},"image":{"@id":"https:\/\/nobilhunting.com\/#\/schema\/logo\/image\/"},"sameAs":["https:\/\/www.facebook.com\/nobilhunting","https:\/\/www.instagram.com\/nobilhunting\/"]}]}},"_links":{"self":[{"href":"https:\/\/nobilhunting.com\/hr\/wp-json\/wp\/v2\/pages\/173","targetHints":{"allow":["GET"]}}],"collection":[{"href":"https:\/\/nobilhunting.com\/hr\/wp-json\/wp\/v2\/pages"}],"about":[{"href":"https:\/\/nobilhunting.com\/hr\/wp-json\/wp\/v2\/types\/page"}],"author":[{"embeddable":true,"href":"https:\/\/nobilhunting.com\/hr\/wp-json\/wp\/v2\/users\/1"}],"replies":[{"embeddable":true,"href":"https:\/\/nobilhunting.com\/hr\/wp-json\/wp\/v2\/comments?post=173"}],"version-history":[{"count":4,"href":"https:\/\/nobilhunting.com\/hr\/wp-json\/wp\/v2\/pages\/173\/revisions"}],"predecessor-version":[{"id":209,"href":"https:\/\/nobilhunting.com\/hr\/wp-json\/wp\/v2\/pages\/173\/revisions\/209"}],"wp:attachment":[{"href":"https:\/\/nobilhunting.com\/hr\/wp-json\/wp\/v2\/media?parent=173"}],"curies":[{"name":"wp","href":"https:\/\/api.w.org\/{rel}","templated":true}]}}