{"id":2524,"date":"2025-11-14T09:34:10","date_gmt":"2025-11-14T09:34:10","guid":{"rendered":"https:\/\/nobilhunting.com\/?post_type=product&#038;p=2524"},"modified":"2025-11-20T17:33:23","modified_gmt":"2025-11-20T17:33:23","slug":"antler-brown-leather-rifle-set-backpack-case-timber-grove","status":"publish","type":"product","link":"https:\/\/nobilhunting.com\/fr\/produit\/antler-brown-leather-rifle-set-backpack-case-timber-grove\/","title":{"rendered":"Set carabine en cuir brun Antler - Sac \u00e0 dos et \u00e9tui | Timber Grove"},"content":{"rendered":"<p data-start=\"2937\" data-end=\"3016\">La mallette est \u00e9quip\u00e9e de :<\/p>\n<ul data-start=\"3017\" data-end=\"3261\">\n<li data-start=\"3017\" data-end=\"3148\">\n<p data-start=\"3019\" data-end=\"3148\">A\u00a0<strong data-start=\"3021\" data-end=\"3046\">poche d'absorption des chocs<\/strong>\u00a0(36 \u00d7 7 \u00d7 4 cm) avec fermeture \u00e9clair<\/p>\n<\/li>\n<li data-start=\"3017\" data-end=\"3148\">\n<p data-start=\"3019\" data-end=\"3148\">An\u00a0<strong data-start=\"3153\" data-end=\"3187\">poche \u00e0 munitions<\/strong>\u00a0(30 \u00d7 17 \u00d7 4 cm) with zipper<\/p>\n<\/li>\n<\/ul>\n<p>Fabriqu\u00e9 en trois tailles -\u00a0<strong data-start=\"3310\" data-end=\"3320\">110 cm<\/strong>,\u00a0<strong data-start=\"3322\" data-end=\"3332\">120 cm<\/strong>, et\u00a0<strong data-start=\"3338\" data-end=\"3348\">130 cm<\/strong><\/p>\n<p data-start=\"3780\" data-end=\"3920\">La personnalisation est possible sur demande.<\/p>\n<p>Le sac \u00e0 dos a :\u00a0<strong data-start=\"2006\" data-end=\"2025\">hauteur de 46 cm et\u00a0<\/strong><strong data-start=\"2032\" data-end=\"2050\">largeur de 25 cm\u00a0<\/strong><\/p>\n<h4 data-start=\"2120\" data-end=\"2159\">\u00a0Il comprend 2 poches lat\u00e9rales :17\/16\/4 et 1 poche frontale : 25\/18\/3<\/h4>","protected":false},"excerpt":{"rendered":"<p>The case is equipped with: A\u00a0shock absorber pocket\u00a0(36 \u00d7 7 \u00d7 4 cm) with zipper An\u00a0ammunition pocket\u00a0(30 \u00d7 17 \u00d7 4 cm) with zipper Crafted in three sizes \u2014\u00a0110 cm,\u00a0120 cm, and\u00a0130 cm Personalization is available upon request. The backpack has :\u00a0height of 46 cm and\u00a0width of 25 cm\u00a0 \u00a0It includes 2 Side pockets :17\/16\/4 [&#8230;]\n","protected":false},"featured_media":2526,"comment_status":"closed","ping_status":"closed","template":"","meta":[],"product_brand":[],"product_cat":[21],"product_tag":[],"class_list":{"0":"post-2524","1":"product","2":"type-product","3":"status-publish","4":"has-post-thumbnail","6":"product_cat-rifle-case-backpack-set","7":"pa_collection-timber-grove","9":"first","10":"instock","11":"taxable","12":"shipping-taxable","13":"purchasable","14":"product-type-variable"},"yoast_head":"<!-- This site is optimized with the Yoast SEO plugin v26.6 - https:\/\/yoast.com\/wordpress\/plugins\/seo\/ -->\n<title>Antler Brown Leather Rifle Set \u2013 Backpack &amp; Case | Timber Grove - Nobil Hunting<\/title>\n<meta name=\"robots\" content=\"index, follow, max-snippet:-1, max-image-preview:large, max-video-preview:-1\" \/>\n<link rel=\"canonical\" href=\"https:\/\/nobilhunting.com\/fr\/produit\/antler-brown-leather-rifle-set-backpack-case-timber-grove\/\" \/>\n<meta property=\"og:locale\" content=\"fr_FR\" \/>\n<meta property=\"og:type\" content=\"article\" \/>\n<meta property=\"og:title\" content=\"Antler Brown Leather Rifle Set \u2013 Backpack &amp; Case | Timber Grove - Nobil Hunting\" \/>\n<meta property=\"og:description\" content=\"The case is equipped with: A\u00a0shock absorber pocket\u00a0(36 \u00d7 7 \u00d7 4 cm) with zipper An\u00a0ammunition pocket\u00a0(30 \u00d7 17 \u00d7 4 cm) with zipper Crafted in three sizes \u2014\u00a0110 cm,\u00a0120 cm, and\u00a0130 cm Personalization is available upon request. The backpack has :\u00a0height of 46 cm and\u00a0width of 25 cm\u00a0 \u00a0It includes 2 Side pockets :17\/16\/4 [...]\" \/>\n<meta property=\"og:url\" content=\"https:\/\/nobilhunting.com\/fr\/produit\/antler-brown-leather-rifle-set-backpack-case-timber-grove\/\" \/>\n<meta property=\"og:site_name\" content=\"Nobil Hunting\" \/>\n<meta property=\"article:publisher\" content=\"https:\/\/www.facebook.com\/nobilhunting\" \/>\n<meta property=\"article:modified_time\" content=\"2025-11-20T17:33:23+00:00\" \/>\n<meta property=\"og:image\" content=\"https:\/\/nobilhunting.com\/wp-content\/uploads\/2025\/11\/IMG_9981-scaled.jpeg\" \/>\n\t<meta property=\"og:image:width\" content=\"1920\" \/>\n\t<meta property=\"og:image:height\" content=\"2560\" \/>\n\t<meta property=\"og:image:type\" content=\"image\/jpeg\" \/>\n<meta name=\"twitter:card\" content=\"summary_large_image\" \/>\n<meta name=\"twitter:label1\" content=\"Dur\u00e9e de lecture estim\u00e9e\" \/>\n\t<meta name=\"twitter:data1\" content=\"1 minute\" \/>\n<script type=\"application\/ld+json\" class=\"yoast-schema-graph\">{\"@context\":\"https:\/\/schema.org\",\"@graph\":[{\"@type\":\"WebPage\",\"@id\":\"https:\/\/nobilhunting.com\/product\/antler-brown-leather-rifle-set-backpack-case-timber-grove\/\",\"url\":\"https:\/\/nobilhunting.com\/product\/antler-brown-leather-rifle-set-backpack-case-timber-grove\/\",\"name\":\"Antler Brown Leather Rifle Set \u2013 Backpack & Case | Timber Grove - Nobil Hunting\",\"isPartOf\":{\"@id\":\"https:\/\/nobilhunting.com\/#website\"},\"primaryImageOfPage\":{\"@id\":\"https:\/\/nobilhunting.com\/product\/antler-brown-leather-rifle-set-backpack-case-timber-grove\/#primaryimage\"},\"image\":{\"@id\":\"https:\/\/nobilhunting.com\/product\/antler-brown-leather-rifle-set-backpack-case-timber-grove\/#primaryimage\"},\"thumbnailUrl\":\"https:\/\/nobilhunting.com\/wp-content\/uploads\/2025\/11\/IMG_9981-scaled.jpeg\",\"datePublished\":\"2025-11-14T09:34:10+00:00\",\"dateModified\":\"2025-11-20T17:33:23+00:00\",\"breadcrumb\":{\"@id\":\"https:\/\/nobilhunting.com\/product\/antler-brown-leather-rifle-set-backpack-case-timber-grove\/#breadcrumb\"},\"inLanguage\":\"fr-FR\",\"potentialAction\":[{\"@type\":\"ReadAction\",\"target\":[\"https:\/\/nobilhunting.com\/product\/antler-brown-leather-rifle-set-backpack-case-timber-grove\/\"]}]},{\"@type\":\"ImageObject\",\"inLanguage\":\"fr-FR\",\"@id\":\"https:\/\/nobilhunting.com\/product\/antler-brown-leather-rifle-set-backpack-case-timber-grove\/#primaryimage\",\"url\":\"https:\/\/nobilhunting.com\/wp-content\/uploads\/2025\/11\/IMG_9981-scaled.jpeg\",\"contentUrl\":\"https:\/\/nobilhunting.com\/wp-content\/uploads\/2025\/11\/IMG_9981-scaled.jpeg\",\"width\":1920,\"height\":2560},{\"@type\":\"BreadcrumbList\",\"@id\":\"https:\/\/nobilhunting.com\/product\/antler-brown-leather-rifle-set-backpack-case-timber-grove\/#breadcrumb\",\"itemListElement\":[{\"@type\":\"ListItem\",\"position\":1,\"name\":\"Prima pagin\u0103\",\"item\":\"https:\/\/nobilhunting.com\/\"},{\"@type\":\"ListItem\",\"position\":2,\"name\":\"Shop\",\"item\":\"https:\/\/nobilhunting.com\/shop\/\"},{\"@type\":\"ListItem\",\"position\":3,\"name\":\"Antler Brown Leather Rifle Set \u2013 Backpack &#038; Case | Timber Grove\"}]},{\"@type\":\"WebSite\",\"@id\":\"https:\/\/nobilhunting.com\/#website\",\"url\":\"https:\/\/nobilhunting.com\/\",\"name\":\"Nobil Hunting\",\"description\":\"Natural leather accessories\",\"publisher\":{\"@id\":\"https:\/\/nobilhunting.com\/#organization\"},\"potentialAction\":[{\"@type\":\"SearchAction\",\"target\":{\"@type\":\"EntryPoint\",\"urlTemplate\":\"https:\/\/nobilhunting.com\/?s={search_term_string}\"},\"query-input\":{\"@type\":\"PropertyValueSpecification\",\"valueRequired\":true,\"valueName\":\"search_term_string\"}}],\"inLanguage\":\"fr-FR\"},{\"@type\":\"Organization\",\"@id\":\"https:\/\/nobilhunting.com\/#organization\",\"name\":\"Nobil Hunting SRL\",\"url\":\"https:\/\/nobilhunting.com\/\",\"logo\":{\"@type\":\"ImageObject\",\"inLanguage\":\"fr-FR\",\"@id\":\"https:\/\/nobilhunting.com\/#\/schema\/logo\/image\/\",\"url\":\"https:\/\/nobilhunting.com\/wp-content\/uploads\/2022\/01\/nobil-hunting-logo-1.png\",\"contentUrl\":\"https:\/\/nobilhunting.com\/wp-content\/uploads\/2022\/01\/nobil-hunting-logo-1.png\",\"width\":264,\"height\":89,\"caption\":\"Nobil Hunting SRL\"},\"image\":{\"@id\":\"https:\/\/nobilhunting.com\/#\/schema\/logo\/image\/\"},\"sameAs\":[\"https:\/\/www.facebook.com\/nobilhunting\",\"https:\/\/www.instagram.com\/nobilhunting\/\"]}]}<\/script>\n<!-- \/ Yoast SEO plugin. -->","yoast_head_json":{"title":"Antler Brown Leather Rifle Set \u2013 Backpack & Case | Timber Grove - Nobil Hunting","robots":{"index":"index","follow":"follow","max-snippet":"max-snippet:-1","max-image-preview":"max-image-preview:large","max-video-preview":"max-video-preview:-1"},"canonical":"https:\/\/nobilhunting.com\/fr\/produit\/antler-brown-leather-rifle-set-backpack-case-timber-grove\/","og_locale":"fr_FR","og_type":"article","og_title":"Antler Brown Leather Rifle Set \u2013 Backpack & Case | Timber Grove - Nobil Hunting","og_description":"The case is equipped with: A\u00a0shock absorber pocket\u00a0(36 \u00d7 7 \u00d7 4 cm) with zipper An\u00a0ammunition pocket\u00a0(30 \u00d7 17 \u00d7 4 cm) with zipper Crafted in three sizes \u2014\u00a0110 cm,\u00a0120 cm, and\u00a0130 cm Personalization is available upon request. The backpack has :\u00a0height of 46 cm and\u00a0width of 25 cm\u00a0 \u00a0It includes 2 Side pockets :17\/16\/4 [...]","og_url":"https:\/\/nobilhunting.com\/fr\/produit\/antler-brown-leather-rifle-set-backpack-case-timber-grove\/","og_site_name":"Nobil Hunting","article_publisher":"https:\/\/www.facebook.com\/nobilhunting","article_modified_time":"2025-11-20T17:33:23+00:00","og_image":[{"width":1920,"height":2560,"url":"https:\/\/nobilhunting.com\/wp-content\/uploads\/2025\/11\/IMG_9981-scaled.jpeg","type":"image\/jpeg"}],"twitter_card":"summary_large_image","twitter_misc":{"Dur\u00e9e de lecture estim\u00e9e":"1 minute"},"schema":{"@context":"https:\/\/schema.org","@graph":[{"@type":"WebPage","@id":"https:\/\/nobilhunting.com\/product\/antler-brown-leather-rifle-set-backpack-case-timber-grove\/","url":"https:\/\/nobilhunting.com\/product\/antler-brown-leather-rifle-set-backpack-case-timber-grove\/","name":"Antler Brown Leather Rifle Set \u2013 Backpack & Case | Timber Grove - Nobil Hunting","isPartOf":{"@id":"https:\/\/nobilhunting.com\/#website"},"primaryImageOfPage":{"@id":"https:\/\/nobilhunting.com\/product\/antler-brown-leather-rifle-set-backpack-case-timber-grove\/#primaryimage"},"image":{"@id":"https:\/\/nobilhunting.com\/product\/antler-brown-leather-rifle-set-backpack-case-timber-grove\/#primaryimage"},"thumbnailUrl":"https:\/\/nobilhunting.com\/wp-content\/uploads\/2025\/11\/IMG_9981-scaled.jpeg","datePublished":"2025-11-14T09:34:10+00:00","dateModified":"2025-11-20T17:33:23+00:00","breadcrumb":{"@id":"https:\/\/nobilhunting.com\/product\/antler-brown-leather-rifle-set-backpack-case-timber-grove\/#breadcrumb"},"inLanguage":"fr-FR","potentialAction":[{"@type":"ReadAction","target":["https:\/\/nobilhunting.com\/product\/antler-brown-leather-rifle-set-backpack-case-timber-grove\/"]}]},{"@type":"ImageObject","inLanguage":"fr-FR","@id":"https:\/\/nobilhunting.com\/product\/antler-brown-leather-rifle-set-backpack-case-timber-grove\/#primaryimage","url":"https:\/\/nobilhunting.com\/wp-content\/uploads\/2025\/11\/IMG_9981-scaled.jpeg","contentUrl":"https:\/\/nobilhunting.com\/wp-content\/uploads\/2025\/11\/IMG_9981-scaled.jpeg","width":1920,"height":2560},{"@type":"BreadcrumbList","@id":"https:\/\/nobilhunting.com\/product\/antler-brown-leather-rifle-set-backpack-case-timber-grove\/#breadcrumb","itemListElement":[{"@type":"ListItem","position":1,"name":"Prima pagin\u0103","item":"https:\/\/nobilhunting.com\/"},{"@type":"ListItem","position":2,"name":"Shop","item":"https:\/\/nobilhunting.com\/shop\/"},{"@type":"ListItem","position":3,"name":"Antler Brown Leather Rifle Set \u2013 Backpack &#038; Case | Timber Grove"}]},{"@type":"WebSite","@id":"https:\/\/nobilhunting.com\/#website","url":"https:\/\/nobilhunting.com\/","name":"Nobil Hunting","description":"Accessoires en cuir naturel","publisher":{"@id":"https:\/\/nobilhunting.com\/#organization"},"potentialAction":[{"@type":"SearchAction","target":{"@type":"EntryPoint","urlTemplate":"https:\/\/nobilhunting.com\/?s={search_term_string}"},"query-input":{"@type":"PropertyValueSpecification","valueRequired":true,"valueName":"search_term_string"}}],"inLanguage":"fr-FR"},{"@type":"Organization","@id":"https:\/\/nobilhunting.com\/#organization","name":"Nobil Hunting SRL","url":"https:\/\/nobilhunting.com\/","logo":{"@type":"ImageObject","inLanguage":"fr-FR","@id":"https:\/\/nobilhunting.com\/#\/schema\/logo\/image\/","url":"https:\/\/nobilhunting.com\/wp-content\/uploads\/2022\/01\/nobil-hunting-logo-1.png","contentUrl":"https:\/\/nobilhunting.com\/wp-content\/uploads\/2022\/01\/nobil-hunting-logo-1.png","width":264,"height":89,"caption":"Nobil Hunting SRL"},"image":{"@id":"https:\/\/nobilhunting.com\/#\/schema\/logo\/image\/"},"sameAs":["https:\/\/www.facebook.com\/nobilhunting","https:\/\/www.instagram.com\/nobilhunting\/"]}]}},"_links":{"self":[{"href":"https:\/\/nobilhunting.com\/fr\/wp-json\/wp\/v2\/product\/2524","targetHints":{"allow":["GET"]}}],"collection":[{"href":"https:\/\/nobilhunting.com\/fr\/wp-json\/wp\/v2\/product"}],"about":[{"href":"https:\/\/nobilhunting.com\/fr\/wp-json\/wp\/v2\/types\/product"}],"replies":[{"embeddable":true,"href":"https:\/\/nobilhunting.com\/fr\/wp-json\/wp\/v2\/comments?post=2524"}],"wp:featuredmedia":[{"embeddable":true,"href":"https:\/\/nobilhunting.com\/fr\/wp-json\/wp\/v2\/media\/2526"}],"wp:attachment":[{"href":"https:\/\/nobilhunting.com\/fr\/wp-json\/wp\/v2\/media?parent=2524"}],"wp:term":[{"taxonomy":"product_brand","embeddable":true,"href":"https:\/\/nobilhunting.com\/fr\/wp-json\/wp\/v2\/product_brand?post=2524"},{"taxonomy":"product_cat","embeddable":true,"href":"https:\/\/nobilhunting.com\/fr\/wp-json\/wp\/v2\/product_cat?post=2524"},{"taxonomy":"product_tag","embeddable":true,"href":"https:\/\/nobilhunting.com\/fr\/wp-json\/wp\/v2\/product_tag?post=2524"}],"curies":[{"name":"wp","href":"https:\/\/api.w.org\/{rel}","templated":true}]}}