{"id":173,"date":"2022-01-23T17:48:20","date_gmt":"2022-01-23T17:48:20","guid":{"rendered":"https:\/\/nobilhunting.com\/?page_id=173"},"modified":"2022-01-23T20:29:45","modified_gmt":"2022-01-23T20:29:45","slug":"a-propos-de-nous","status":"publish","type":"page","link":"https:\/\/nobilhunting.com\/fr\/a-propos-de-nous\/","title":{"rendered":"Notre histoire"},"content":{"rendered":"<section class=\"section\" id=\"section_2104036431\">\n\t\t<div class=\"section-bg fill\" >\n\t\t\t\t\t\t\t\t\t\n\t\t\t\n\n\t\t<\/div>\n\n\t\t\n\n\t\t<div class=\"section-content relative\">\n\t\t\t\n\t<div id=\"gap-1591592920\" class=\"gap-element clearfix\" style=\"display:block; height:auto;\">\n\t\t\n<style>\n#gap-1591592920 {\n  padding-top: 30px;\n}\n<\/style>\n\t<\/div>\n\t\n<div class=\"row align-middle align-center\"  id=\"row-917101310\">\n\n\t<div id=\"col-1492480001\" class=\"col medium-12 small-12 large-6\"  >\n\t\t\t\t<div class=\"col-inner\"  >\n\t\t\t\n\t\t\t\n<div class=\"row\"  id=\"row-1226043058\">\n\n\t<div id=\"col-1694120527\" class=\"col medium-6 small-12 large-7\"  >\n\t\t\t\t<div class=\"col-inner\"  >\n\t\t\t\n\t\t\t\n\n  <div class=\"banner has-hover\" id=\"banner-93570684\">\n          <div class=\"banner-inner fill\">\n        <div class=\"banner-bg fill\" >\n            <img loading=\"lazy\" decoding=\"async\" width=\"560\" height=\"756\" src=\"https:\/\/nobilhunting.com\/wp-content\/uploads\/2022\/01\/271568289_664465971375780_8357532730198334638_n.jpg\" class=\"bg attachment-large size-large\" alt=\"\" \/>                                    \n                    <\/div>\n\t\t\n        <div class=\"banner-layers container\">\n            <div class=\"fill banner-link\"><\/div>            \n        <\/div>\n      <\/div>\n\n            \n<style>\n#banner-93570684 {\n  padding-top: 99.99%;\n  background-color: rgba(0, 0, 0, 0);\n}\n@media (min-width:550px) {\n  #banner-93570684 {\n    padding-top: 150%;\n  }\n}\n@media (min-width:850px) {\n  #banner-93570684 {\n    padding-top: 136%;\n  }\n}\n<\/style>\n  <\/div>\n\n\n\t\t<\/div>\n\t\t\t\t\t<\/div>\n\n\t\n\n\t<div id=\"col-1421342494\" class=\"col medium-6 small-12 large-5\"  >\n\t\t\t\t<div class=\"col-inner\"  >\n\t\t\t\n\t\t\t\n\n  <div class=\"banner has-hover\" id=\"banner-2123633753\">\n          <div class=\"banner-inner fill\">\n        <div class=\"banner-bg fill\" >\n            <img loading=\"lazy\" decoding=\"async\" width=\"512\" height=\"512\" src=\"https:\/\/nobilhunting.com\/wp-content\/uploads\/2022\/01\/cropped-Logo-nobil-hunting.jpg\" class=\"bg attachment-large size-large\" alt=\"\" \/>                                    \n                    <\/div>\n\t\t\n        <div class=\"banner-layers container\">\n            <div class=\"fill banner-link\"><\/div>            \n        <\/div>\n      <\/div>\n\n            \n<style>\n#banner-2123633753 {\n  padding-top: 60%;\n  background-color: rgba(0, 0, 0, 0);\n}\n@media (min-width:550px) {\n  #banner-2123633753 {\n    padding-top: 76%;\n  }\n}\n@media (min-width:850px) {\n  #banner-2123633753 {\n    padding-top: 98%;\n  }\n}\n<\/style>\n  <\/div>\n\n\n\t\t<\/div>\n\t\t\t\t\t<\/div>\n\n\t\n<\/div>\n<div class=\"row align-right\"  id=\"row-2091814512\">\n\n\t<div id=\"col-294543764\" class=\"col medium-7 small-12 large-7\"  >\n\t\t\t\t<div class=\"col-inner\"  >\n\t\t\t\n\t\t\t\n\n  <div class=\"banner has-hover\" id=\"banner-1499169113\">\n          <div class=\"banner-inner fill\">\n        <div class=\"banner-bg fill\" >\n            <img loading=\"lazy\" decoding=\"async\" width=\"768\" height=\"1024\" src=\"https:\/\/nobilhunting.com\/wp-content\/uploads\/2022\/01\/SAVE_20220103_152133-768x1024.jpg\" class=\"bg attachment-large size-large\" alt=\"\" \/>                                    \n                    <\/div>\n\t\t\n        <div class=\"banner-layers container\">\n            <div class=\"fill banner-link\"><\/div>            \n        <\/div>\n      <\/div>\n\n            \n<style>\n#banner-1499169113 {\n  padding-top: 60%;\n  background-color: rgba(0, 0, 0, 0);\n}\n@media (min-width:550px) {\n  #banner-1499169113 {\n    padding-top: 107%;\n  }\n}\n<\/style>\n  <\/div>\n\n\n\t\t<\/div>\n\t\t\t\t\n<style>\n#col-294543764 > .col-inner {\n  margin: 0 0px 0px 0px;\n}\n@media (min-width:550px) {\n  #col-294543764 > .col-inner {\n    margin: -290px 0px 0px 0px;\n  }\n}\n@media (min-width:850px) {\n  #col-294543764 > .col-inner {\n    margin: -165px 0px 0px 0px;\n  }\n}\n<\/style>\n\t<\/div>\n\n\t\n<\/div>\n\t\t<\/div>\n\t\t\t\t\t<\/div>\n\n\t\n\n\t<div id=\"col-196982398\" class=\"col medium-12 small-12 large-6\"  >\n\t\t\t\t<div class=\"col-inner\"  >\n\t\t\t\n\t\t\t\n\t<div id=\"text-1302583815\" class=\"text\">\n\t\t\n<h2>A propos de notre entreprise<\/h2>\n\t\t\n<style>\n#text-1302583815 {\n  font-size: 1.3rem;\n}\n<\/style>\n\t<\/div>\n\t\n\t<div id=\"text-2660607438\" class=\"text\">\n\t\t\n<p>Nous sommes une usine qui produit des accessoires en cuir naturel pour la chasse. Les articles sont fabriqu\u00e9s \u00e0 la main avec une grande attention aux d\u00e9tails. La diff\u00e9rence vient de l'exp\u00e9rience acquise au cours de plus de 10 ans d'activit\u00e9. Nous n'utilisons que des mati\u00e8res premi\u00e8res de premi\u00e8re qualit\u00e9 provenant de fabricants v\u00e9rifi\u00e9s. Nous accordons beaucoup d'attention aux d\u00e9tails et nous nous concentrons sur les besoins de l'utilisateur lors de l'utilisation de nos produits dans la nature. Nous avons eu le plaisir de vendre nos produits dans la plupart des pays de l'Union europ\u00e9enne et au-del\u00e0. Nos plus gros clients viennent d'Allemagne, d'Autriche, de France, de Hongrie, de Slov\u00e9nie, etc... Des milliers de clients nous recommandent pour notre professionnalisme et le s\u00e9rieux avec lequel nous nous sommes engag\u00e9s dans une relation \u00e0 long terme avec eux. Nous aimons toujours nous adapter aux exigences de nos clients et r\u00e9pondre rapidement \u00e0 leurs souhaits de personnalisation. Nous nous r\u00e9jouissons de vous compter parmi nos clients et de pouvoir commencer \u00e0 vous \u00e9tonner avec nos produits !<\/p>\n\t\t\n<style>\n#text-2660607438 {\n  text-align: center;\n}\n<\/style>\n\t<\/div>\n\t\n<a href=\"https:\/\/nobilhunting.com\/fr\/contact\/\" class=\"button secondary\" style=\"border-radius:5px;\">\n\t\t<span>Contact US<\/span>\n\t<\/a>\n\n\t\t<\/div>\n\t\t\t\t\n<style>\n#col-196982398 > .col-inner {\n  padding: 0px 0 0px 0px;\n}\n@media (min-width:550px) {\n  #col-196982398 > .col-inner {\n    padding: 0px 10% 0px 0px;\n  }\n}\n@media (min-width:850px) {\n  #col-196982398 > .col-inner {\n    padding: 0px 0px 0px 15%;\n  }\n}\n<\/style>\n\t<\/div>\n\n\t\n<\/div>\n\t\t<\/div>\n\n\t\t\n<style>\n#section_2104036431 {\n  padding-top: 30px;\n  padding-bottom: 30px;\n}\n<\/style>\n\t<\/section>","protected":false},"excerpt":{"rendered":"","protected":false},"author":1,"featured_media":0,"parent":0,"menu_order":0,"comment_status":"closed","ping_status":"closed","template":"","meta":{"footnotes":""},"class_list":["post-173","page","type-page","status-publish","hentry"],"yoast_head":"<!-- This site is optimized with the Yoast SEO plugin v26.6 - https:\/\/yoast.com\/wordpress\/plugins\/seo\/ -->\n<title>About us - Nobil Hunting<\/title>\n<meta name=\"robots\" content=\"index, follow, max-snippet:-1, max-image-preview:large, max-video-preview:-1\" \/>\n<link rel=\"canonical\" href=\"https:\/\/nobilhunting.com\/fr\/a-propos-de-nous\/\" \/>\n<meta property=\"og:locale\" content=\"fr_FR\" \/>\n<meta property=\"og:type\" content=\"article\" \/>\n<meta property=\"og:title\" content=\"About us - Nobil Hunting\" \/>\n<meta property=\"og:url\" content=\"https:\/\/nobilhunting.com\/fr\/a-propos-de-nous\/\" \/>\n<meta property=\"og:site_name\" content=\"Nobil Hunting\" \/>\n<meta property=\"article:publisher\" content=\"https:\/\/www.facebook.com\/nobilhunting\" \/>\n<meta property=\"article:modified_time\" content=\"2022-01-23T20:29:45+00:00\" \/>\n<meta name=\"twitter:card\" content=\"summary_large_image\" \/>\n<meta name=\"twitter:label1\" content=\"Dur\u00e9e de lecture estim\u00e9e\" \/>\n\t<meta name=\"twitter:data1\" content=\"2 minutes\" \/>\n<script type=\"application\/ld+json\" class=\"yoast-schema-graph\">{\"@context\":\"https:\/\/schema.org\",\"@graph\":[{\"@type\":\"WebPage\",\"@id\":\"https:\/\/nobilhunting.com\/about-us\/\",\"url\":\"https:\/\/nobilhunting.com\/about-us\/\",\"name\":\"About us - Nobil Hunting\",\"isPartOf\":{\"@id\":\"https:\/\/nobilhunting.com\/#website\"},\"datePublished\":\"2022-01-23T17:48:20+00:00\",\"dateModified\":\"2022-01-23T20:29:45+00:00\",\"breadcrumb\":{\"@id\":\"https:\/\/nobilhunting.com\/about-us\/#breadcrumb\"},\"inLanguage\":\"fr-FR\",\"potentialAction\":[{\"@type\":\"ReadAction\",\"target\":[\"https:\/\/nobilhunting.com\/about-us\/\"]}]},{\"@type\":\"BreadcrumbList\",\"@id\":\"https:\/\/nobilhunting.com\/about-us\/#breadcrumb\",\"itemListElement\":[{\"@type\":\"ListItem\",\"position\":1,\"name\":\"Prima pagin\u0103\",\"item\":\"https:\/\/nobilhunting.com\/\"},{\"@type\":\"ListItem\",\"position\":2,\"name\":\"About us\"}]},{\"@type\":\"WebSite\",\"@id\":\"https:\/\/nobilhunting.com\/#website\",\"url\":\"https:\/\/nobilhunting.com\/\",\"name\":\"Nobil Hunting\",\"description\":\"Natural leather accessories\",\"publisher\":{\"@id\":\"https:\/\/nobilhunting.com\/#organization\"},\"potentialAction\":[{\"@type\":\"SearchAction\",\"target\":{\"@type\":\"EntryPoint\",\"urlTemplate\":\"https:\/\/nobilhunting.com\/?s={search_term_string}\"},\"query-input\":{\"@type\":\"PropertyValueSpecification\",\"valueRequired\":true,\"valueName\":\"search_term_string\"}}],\"inLanguage\":\"fr-FR\"},{\"@type\":\"Organization\",\"@id\":\"https:\/\/nobilhunting.com\/#organization\",\"name\":\"Nobil Hunting SRL\",\"url\":\"https:\/\/nobilhunting.com\/\",\"logo\":{\"@type\":\"ImageObject\",\"inLanguage\":\"fr-FR\",\"@id\":\"https:\/\/nobilhunting.com\/#\/schema\/logo\/image\/\",\"url\":\"https:\/\/nobilhunting.com\/wp-content\/uploads\/2022\/01\/nobil-hunting-logo-1.png\",\"contentUrl\":\"https:\/\/nobilhunting.com\/wp-content\/uploads\/2022\/01\/nobil-hunting-logo-1.png\",\"width\":264,\"height\":89,\"caption\":\"Nobil Hunting SRL\"},\"image\":{\"@id\":\"https:\/\/nobilhunting.com\/#\/schema\/logo\/image\/\"},\"sameAs\":[\"https:\/\/www.facebook.com\/nobilhunting\",\"https:\/\/www.instagram.com\/nobilhunting\/\"]}]}<\/script>\n<!-- \/ Yoast SEO plugin. -->","yoast_head_json":{"title":"\u00c0 propos de nous - Nobil Hunting","robots":{"index":"index","follow":"follow","max-snippet":"max-snippet:-1","max-image-preview":"max-image-preview:large","max-video-preview":"max-video-preview:-1"},"canonical":"https:\/\/nobilhunting.com\/fr\/a-propos-de-nous\/","og_locale":"fr_FR","og_type":"article","og_title":"About us - Nobil Hunting","og_url":"https:\/\/nobilhunting.com\/fr\/a-propos-de-nous\/","og_site_name":"Nobil Hunting","article_publisher":"https:\/\/www.facebook.com\/nobilhunting","article_modified_time":"2022-01-23T20:29:45+00:00","twitter_card":"summary_large_image","twitter_misc":{"Dur\u00e9e de lecture estim\u00e9e":"2 minutes"},"schema":{"@context":"https:\/\/schema.org","@graph":[{"@type":"WebPage","@id":"https:\/\/nobilhunting.com\/about-us\/","url":"https:\/\/nobilhunting.com\/about-us\/","name":"\u00c0 propos de nous - Nobil Hunting","isPartOf":{"@id":"https:\/\/nobilhunting.com\/#website"},"datePublished":"2022-01-23T17:48:20+00:00","dateModified":"2022-01-23T20:29:45+00:00","breadcrumb":{"@id":"https:\/\/nobilhunting.com\/about-us\/#breadcrumb"},"inLanguage":"fr-FR","potentialAction":[{"@type":"ReadAction","target":["https:\/\/nobilhunting.com\/about-us\/"]}]},{"@type":"BreadcrumbList","@id":"https:\/\/nobilhunting.com\/about-us\/#breadcrumb","itemListElement":[{"@type":"ListItem","position":1,"name":"Prima pagin\u0103","item":"https:\/\/nobilhunting.com\/"},{"@type":"ListItem","position":2,"name":"About us"}]},{"@type":"WebSite","@id":"https:\/\/nobilhunting.com\/#website","url":"https:\/\/nobilhunting.com\/","name":"Nobil Hunting","description":"Accessoires en cuir naturel","publisher":{"@id":"https:\/\/nobilhunting.com\/#organization"},"potentialAction":[{"@type":"SearchAction","target":{"@type":"EntryPoint","urlTemplate":"https:\/\/nobilhunting.com\/?s={search_term_string}"},"query-input":{"@type":"PropertyValueSpecification","valueRequired":true,"valueName":"search_term_string"}}],"inLanguage":"fr-FR"},{"@type":"Organization","@id":"https:\/\/nobilhunting.com\/#organization","name":"Nobil Hunting SRL","url":"https:\/\/nobilhunting.com\/","logo":{"@type":"ImageObject","inLanguage":"fr-FR","@id":"https:\/\/nobilhunting.com\/#\/schema\/logo\/image\/","url":"https:\/\/nobilhunting.com\/wp-content\/uploads\/2022\/01\/nobil-hunting-logo-1.png","contentUrl":"https:\/\/nobilhunting.com\/wp-content\/uploads\/2022\/01\/nobil-hunting-logo-1.png","width":264,"height":89,"caption":"Nobil Hunting SRL"},"image":{"@id":"https:\/\/nobilhunting.com\/#\/schema\/logo\/image\/"},"sameAs":["https:\/\/www.facebook.com\/nobilhunting","https:\/\/www.instagram.com\/nobilhunting\/"]}]}},"_links":{"self":[{"href":"https:\/\/nobilhunting.com\/fr\/wp-json\/wp\/v2\/pages\/173","targetHints":{"allow":["GET"]}}],"collection":[{"href":"https:\/\/nobilhunting.com\/fr\/wp-json\/wp\/v2\/pages"}],"about":[{"href":"https:\/\/nobilhunting.com\/fr\/wp-json\/wp\/v2\/types\/page"}],"author":[{"embeddable":true,"href":"https:\/\/nobilhunting.com\/fr\/wp-json\/wp\/v2\/users\/1"}],"replies":[{"embeddable":true,"href":"https:\/\/nobilhunting.com\/fr\/wp-json\/wp\/v2\/comments?post=173"}],"version-history":[{"count":4,"href":"https:\/\/nobilhunting.com\/fr\/wp-json\/wp\/v2\/pages\/173\/revisions"}],"predecessor-version":[{"id":209,"href":"https:\/\/nobilhunting.com\/fr\/wp-json\/wp\/v2\/pages\/173\/revisions\/209"}],"wp:attachment":[{"href":"https:\/\/nobilhunting.com\/fr\/wp-json\/wp\/v2\/media?parent=173"}],"curies":[{"name":"wp","href":"https:\/\/api.w.org\/{rel}","templated":true}]}}