{"id":173,"date":"2022-01-23T17:48:20","date_gmt":"2022-01-23T17:48:20","guid":{"rendered":"https:\/\/nobilhunting.com\/?page_id=173"},"modified":"2022-01-23T20:29:45","modified_gmt":"2022-01-23T20:29:45","slug":"about-us","status":"publish","type":"page","link":"https:\/\/nobilhunting.com\/de\/about-us\/","title":{"rendered":"\u00dcber uns"},"content":{"rendered":"<section class=\"section\" id=\"section_1077895251\">\n\t\t<div class=\"section-bg fill\" >\n\t\t\t\t\t\t\t\t\t\n\t\t\t\n\n\t\t<\/div>\n\n\t\t\n\n\t\t<div class=\"section-content relative\">\n\t\t\t\n\t<div id=\"gap-873927258\" class=\"gap-element clearfix\" style=\"display:block; height:auto;\">\n\t\t\n<style>\n#gap-873927258 {\n  padding-top: 30px;\n}\n<\/style>\n\t<\/div>\n\t\n<div class=\"row align-middle align-center\"  id=\"row-1582145276\">\n\n\t<div id=\"col-1172377831\" class=\"col medium-12 small-12 large-6\"  >\n\t\t\t\t<div class=\"col-inner\"  >\n\t\t\t\n\t\t\t\n<div class=\"row\"  id=\"row-1658706426\">\n\n\t<div id=\"col-2092222533\" class=\"col medium-6 small-12 large-7\"  >\n\t\t\t\t<div class=\"col-inner\"  >\n\t\t\t\n\t\t\t\n\n  <div class=\"banner has-hover\" id=\"banner-295329486\">\n          <div class=\"banner-inner fill\">\n        <div class=\"banner-bg fill\" >\n            <img loading=\"lazy\" decoding=\"async\" width=\"560\" height=\"756\" src=\"https:\/\/nobilhunting.com\/wp-content\/uploads\/2022\/01\/271568289_664465971375780_8357532730198334638_n.jpg\" class=\"bg attachment-large size-large\" alt=\"\" \/>                                    \n                    <\/div>\n\t\t\n        <div class=\"banner-layers container\">\n            <div class=\"fill banner-link\"><\/div>            \n        <\/div>\n      <\/div>\n\n            \n<style>\n#banner-295329486 {\n  padding-top: 99.99%;\n  background-color: rgba(0, 0, 0, 0);\n}\n@media (min-width:550px) {\n  #banner-295329486 {\n    padding-top: 150%;\n  }\n}\n@media (min-width:850px) {\n  #banner-295329486 {\n    padding-top: 136%;\n  }\n}\n<\/style>\n  <\/div>\n\n\n\t\t<\/div>\n\t\t\t\t\t<\/div>\n\n\t\n\n\t<div id=\"col-117186889\" class=\"col medium-6 small-12 large-5\"  >\n\t\t\t\t<div class=\"col-inner\"  >\n\t\t\t\n\t\t\t\n\n  <div class=\"banner has-hover\" id=\"banner-1439217748\">\n          <div class=\"banner-inner fill\">\n        <div class=\"banner-bg fill\" >\n            <img loading=\"lazy\" decoding=\"async\" width=\"512\" height=\"512\" src=\"https:\/\/nobilhunting.com\/wp-content\/uploads\/2022\/01\/cropped-Logo-nobil-hunting.jpg\" class=\"bg attachment-large size-large\" alt=\"\" \/>                                    \n                    <\/div>\n\t\t\n        <div class=\"banner-layers container\">\n            <div class=\"fill banner-link\"><\/div>            \n        <\/div>\n      <\/div>\n\n            \n<style>\n#banner-1439217748 {\n  padding-top: 60%;\n  background-color: rgba(0, 0, 0, 0);\n}\n@media (min-width:550px) {\n  #banner-1439217748 {\n    padding-top: 76%;\n  }\n}\n@media (min-width:850px) {\n  #banner-1439217748 {\n    padding-top: 98%;\n  }\n}\n<\/style>\n  <\/div>\n\n\n\t\t<\/div>\n\t\t\t\t\t<\/div>\n\n\t\n<\/div>\n<div class=\"row align-right\"  id=\"row-1389033831\">\n\n\t<div id=\"col-1152132433\" class=\"col medium-7 small-12 large-7\"  >\n\t\t\t\t<div class=\"col-inner\"  >\n\t\t\t\n\t\t\t\n\n  <div class=\"banner has-hover\" id=\"banner-320363158\">\n          <div class=\"banner-inner fill\">\n        <div class=\"banner-bg fill\" >\n            <img loading=\"lazy\" decoding=\"async\" width=\"768\" height=\"1024\" src=\"https:\/\/nobilhunting.com\/wp-content\/uploads\/2022\/01\/SAVE_20220103_152133-768x1024.jpg\" class=\"bg attachment-large size-large\" alt=\"\" \/>                                    \n                    <\/div>\n\t\t\n        <div class=\"banner-layers container\">\n            <div class=\"fill banner-link\"><\/div>            \n        <\/div>\n      <\/div>\n\n            \n<style>\n#banner-320363158 {\n  padding-top: 60%;\n  background-color: rgba(0, 0, 0, 0);\n}\n@media (min-width:550px) {\n  #banner-320363158 {\n    padding-top: 107%;\n  }\n}\n<\/style>\n  <\/div>\n\n\n\t\t<\/div>\n\t\t\t\t\n<style>\n#col-1152132433 > .col-inner {\n  margin: 0 0px 0px 0px;\n}\n@media (min-width:550px) {\n  #col-1152132433 > .col-inner {\n    margin: -290px 0px 0px 0px;\n  }\n}\n@media (min-width:850px) {\n  #col-1152132433 > .col-inner {\n    margin: -165px 0px 0px 0px;\n  }\n}\n<\/style>\n\t<\/div>\n\n\t\n<\/div>\n\t\t<\/div>\n\t\t\t\t\t<\/div>\n\n\t\n\n\t<div id=\"col-559538578\" class=\"col medium-12 small-12 large-6\"  >\n\t\t\t\t<div class=\"col-inner\"  >\n\t\t\t\n\t\t\t\n\t<div id=\"text-2792169004\" class=\"text\">\n\t\t\n<h2>\u00dcber unser Unternehmen<\/h2>\n\t\t\n<style>\n#text-2792169004 {\n  font-size: 1.3rem;\n}\n<\/style>\n\t<\/div>\n\t\n\t<div id=\"text-935477391\" class=\"text\">\n\t\t\n<p>Wir sind eine Fabrik, die nat\u00fcrliche Lederaccessoires f\u00fcr die Jagd herstellt. Die Artikel werden in Handarbeit mit viel Liebe zum Detail hergestellt. Der Unterschied liegt in der Erfahrung, die wir in \u00fcber 10 Jahren T\u00e4tigkeit gesammelt haben. Wir verwenden nur hochwertige Rohmaterialien von gepr\u00fcften Herstellern. Wir schenken den Details viel Aufmerksamkeit und konzentrieren uns auf die Bed\u00fcrfnisse des Benutzers, wenn er unsere Produkte in der Natur verwendet. Wir hatten das Vergn\u00fcgen, unsere Produkte in den meisten L\u00e4ndern der Europ\u00e4ischen Union und dar\u00fcber hinaus zu verkaufen. Unsere gr\u00f6\u00dften Kunden kommen aus Deutschland, \u00d6sterreich, Frankreich, Ungarn, Slowenien usw. Tausende von Kunden empfehlen uns wegen unserer Professionalit\u00e4t und der seri\u00f6sen Art und Weise, mit der wir eine langfristige Beziehung zu ihnen aufgebaut haben. Wir passen uns immer gerne an die Anforderungen unserer Kunden an und reagieren prompt auf deren Anpassungsw\u00fcnsche. Wir freuen uns darauf, Sie zu unseren Kunden z\u00e4hlen zu d\u00fcrfen und Sie mit unseren Produkten zu begeistern!<\/p>\n\t\t\n<style>\n#text-935477391 {\n  text-align: center;\n}\n<\/style>\n\t<\/div>\n\t\n<a href=\"https:\/\/nobilhunting.com\/de\/contact\/\" class=\"button secondary\" style=\"border-radius:5px;\">\n\t\t<span>Kontakt US<\/span>\n\t<\/a>\n\n\t\t<\/div>\n\t\t\t\t\n<style>\n#col-559538578 > .col-inner {\n  padding: 0px 0 0px 0px;\n}\n@media (min-width:550px) {\n  #col-559538578 > .col-inner {\n    padding: 0px 10% 0px 0px;\n  }\n}\n@media (min-width:850px) {\n  #col-559538578 > .col-inner {\n    padding: 0px 0px 0px 15%;\n  }\n}\n<\/style>\n\t<\/div>\n\n\t\n<\/div>\n\t\t<\/div>\n\n\t\t\n<style>\n#section_1077895251 {\n  padding-top: 30px;\n  padding-bottom: 30px;\n}\n<\/style>\n\t<\/section>","protected":false},"excerpt":{"rendered":"","protected":false},"author":1,"featured_media":0,"parent":0,"menu_order":0,"comment_status":"closed","ping_status":"closed","template":"","meta":{"footnotes":""},"class_list":["post-173","page","type-page","status-publish","hentry"],"yoast_head":"<!-- This site is optimized with the Yoast SEO plugin v26.6 - https:\/\/yoast.com\/wordpress\/plugins\/seo\/ -->\n<title>About us - Nobil Hunting<\/title>\n<meta name=\"robots\" content=\"index, follow, max-snippet:-1, max-image-preview:large, max-video-preview:-1\" \/>\n<link rel=\"canonical\" href=\"https:\/\/nobilhunting.com\/de\/about-us\/\" \/>\n<meta property=\"og:locale\" content=\"de_DE\" \/>\n<meta property=\"og:type\" content=\"article\" \/>\n<meta property=\"og:title\" content=\"About us - Nobil Hunting\" \/>\n<meta property=\"og:url\" content=\"https:\/\/nobilhunting.com\/de\/about-us\/\" \/>\n<meta property=\"og:site_name\" content=\"Nobil Hunting\" \/>\n<meta property=\"article:publisher\" content=\"https:\/\/www.facebook.com\/nobilhunting\" \/>\n<meta property=\"article:modified_time\" content=\"2022-01-23T20:29:45+00:00\" \/>\n<meta name=\"twitter:card\" content=\"summary_large_image\" \/>\n<meta name=\"twitter:label1\" content=\"Gesch\u00e4tzte Lesezeit\" \/>\n\t<meta name=\"twitter:data1\" content=\"2\u00a0Minuten\" \/>\n<script type=\"application\/ld+json\" class=\"yoast-schema-graph\">{\"@context\":\"https:\/\/schema.org\",\"@graph\":[{\"@type\":\"WebPage\",\"@id\":\"https:\/\/nobilhunting.com\/about-us\/\",\"url\":\"https:\/\/nobilhunting.com\/about-us\/\",\"name\":\"About us - Nobil Hunting\",\"isPartOf\":{\"@id\":\"https:\/\/nobilhunting.com\/#website\"},\"datePublished\":\"2022-01-23T17:48:20+00:00\",\"dateModified\":\"2022-01-23T20:29:45+00:00\",\"breadcrumb\":{\"@id\":\"https:\/\/nobilhunting.com\/about-us\/#breadcrumb\"},\"inLanguage\":\"de\",\"potentialAction\":[{\"@type\":\"ReadAction\",\"target\":[\"https:\/\/nobilhunting.com\/about-us\/\"]}]},{\"@type\":\"BreadcrumbList\",\"@id\":\"https:\/\/nobilhunting.com\/about-us\/#breadcrumb\",\"itemListElement\":[{\"@type\":\"ListItem\",\"position\":1,\"name\":\"Prima pagin\u0103\",\"item\":\"https:\/\/nobilhunting.com\/\"},{\"@type\":\"ListItem\",\"position\":2,\"name\":\"About us\"}]},{\"@type\":\"WebSite\",\"@id\":\"https:\/\/nobilhunting.com\/#website\",\"url\":\"https:\/\/nobilhunting.com\/\",\"name\":\"Nobil Hunting\",\"description\":\"Natural leather accessories\",\"publisher\":{\"@id\":\"https:\/\/nobilhunting.com\/#organization\"},\"potentialAction\":[{\"@type\":\"SearchAction\",\"target\":{\"@type\":\"EntryPoint\",\"urlTemplate\":\"https:\/\/nobilhunting.com\/?s={search_term_string}\"},\"query-input\":{\"@type\":\"PropertyValueSpecification\",\"valueRequired\":true,\"valueName\":\"search_term_string\"}}],\"inLanguage\":\"de\"},{\"@type\":\"Organization\",\"@id\":\"https:\/\/nobilhunting.com\/#organization\",\"name\":\"Nobil Hunting SRL\",\"url\":\"https:\/\/nobilhunting.com\/\",\"logo\":{\"@type\":\"ImageObject\",\"inLanguage\":\"de\",\"@id\":\"https:\/\/nobilhunting.com\/#\/schema\/logo\/image\/\",\"url\":\"https:\/\/nobilhunting.com\/wp-content\/uploads\/2022\/01\/nobil-hunting-logo-1.png\",\"contentUrl\":\"https:\/\/nobilhunting.com\/wp-content\/uploads\/2022\/01\/nobil-hunting-logo-1.png\",\"width\":264,\"height\":89,\"caption\":\"Nobil Hunting SRL\"},\"image\":{\"@id\":\"https:\/\/nobilhunting.com\/#\/schema\/logo\/image\/\"},\"sameAs\":[\"https:\/\/www.facebook.com\/nobilhunting\",\"https:\/\/www.instagram.com\/nobilhunting\/\"]}]}<\/script>\n<!-- \/ Yoast SEO plugin. -->","yoast_head_json":{"title":"\u00dcber uns - Nobil Hunting","robots":{"index":"index","follow":"follow","max-snippet":"max-snippet:-1","max-image-preview":"max-image-preview:large","max-video-preview":"max-video-preview:-1"},"canonical":"https:\/\/nobilhunting.com\/de\/about-us\/","og_locale":"de_DE","og_type":"article","og_title":"About us - Nobil Hunting","og_url":"https:\/\/nobilhunting.com\/de\/about-us\/","og_site_name":"Nobil Hunting","article_publisher":"https:\/\/www.facebook.com\/nobilhunting","article_modified_time":"2022-01-23T20:29:45+00:00","twitter_card":"summary_large_image","twitter_misc":{"Gesch\u00e4tzte Lesezeit":"2\u00a0Minuten"},"schema":{"@context":"https:\/\/schema.org","@graph":[{"@type":"WebPage","@id":"https:\/\/nobilhunting.com\/about-us\/","url":"https:\/\/nobilhunting.com\/about-us\/","name":"\u00dcber uns - Nobil Hunting","isPartOf":{"@id":"https:\/\/nobilhunting.com\/#website"},"datePublished":"2022-01-23T17:48:20+00:00","dateModified":"2022-01-23T20:29:45+00:00","breadcrumb":{"@id":"https:\/\/nobilhunting.com\/about-us\/#breadcrumb"},"inLanguage":"de","potentialAction":[{"@type":"ReadAction","target":["https:\/\/nobilhunting.com\/about-us\/"]}]},{"@type":"BreadcrumbList","@id":"https:\/\/nobilhunting.com\/about-us\/#breadcrumb","itemListElement":[{"@type":"ListItem","position":1,"name":"Prima pagin\u0103","item":"https:\/\/nobilhunting.com\/"},{"@type":"ListItem","position":2,"name":"About us"}]},{"@type":"WebSite","@id":"https:\/\/nobilhunting.com\/#website","url":"https:\/\/nobilhunting.com\/","name":"Nobiles Jagen","description":"Accessoires aus Naturleder","publisher":{"@id":"https:\/\/nobilhunting.com\/#organization"},"potentialAction":[{"@type":"SearchAction","target":{"@type":"EntryPoint","urlTemplate":"https:\/\/nobilhunting.com\/?s={search_term_string}"},"query-input":{"@type":"PropertyValueSpecification","valueRequired":true,"valueName":"search_term_string"}}],"inLanguage":"de"},{"@type":"Organization","@id":"https:\/\/nobilhunting.com\/#organization","name":"Nobil Hunting SRL","url":"https:\/\/nobilhunting.com\/","logo":{"@type":"ImageObject","inLanguage":"de","@id":"https:\/\/nobilhunting.com\/#\/schema\/logo\/image\/","url":"https:\/\/nobilhunting.com\/wp-content\/uploads\/2022\/01\/nobil-hunting-logo-1.png","contentUrl":"https:\/\/nobilhunting.com\/wp-content\/uploads\/2022\/01\/nobil-hunting-logo-1.png","width":264,"height":89,"caption":"Nobil Hunting SRL"},"image":{"@id":"https:\/\/nobilhunting.com\/#\/schema\/logo\/image\/"},"sameAs":["https:\/\/www.facebook.com\/nobilhunting","https:\/\/www.instagram.com\/nobilhunting\/"]}]}},"_links":{"self":[{"href":"https:\/\/nobilhunting.com\/de\/wp-json\/wp\/v2\/pages\/173","targetHints":{"allow":["GET"]}}],"collection":[{"href":"https:\/\/nobilhunting.com\/de\/wp-json\/wp\/v2\/pages"}],"about":[{"href":"https:\/\/nobilhunting.com\/de\/wp-json\/wp\/v2\/types\/page"}],"author":[{"embeddable":true,"href":"https:\/\/nobilhunting.com\/de\/wp-json\/wp\/v2\/users\/1"}],"replies":[{"embeddable":true,"href":"https:\/\/nobilhunting.com\/de\/wp-json\/wp\/v2\/comments?post=173"}],"version-history":[{"count":4,"href":"https:\/\/nobilhunting.com\/de\/wp-json\/wp\/v2\/pages\/173\/revisions"}],"predecessor-version":[{"id":209,"href":"https:\/\/nobilhunting.com\/de\/wp-json\/wp\/v2\/pages\/173\/revisions\/209"}],"wp:attachment":[{"href":"https:\/\/nobilhunting.com\/de\/wp-json\/wp\/v2\/media?parent=173"}],"curies":[{"name":"wp","href":"https:\/\/api.w.org\/{rel}","templated":true}]}}